{"id":982,"date":"2024-01-24T16:43:17","date_gmt":"2024-01-24T15:43:17","guid":{"rendered":"https:\/\/www.visibles.org\/actua\/"},"modified":"2024-03-14T11:33:16","modified_gmt":"2024-03-14T10:33:16","slug":"actua","status":"publish","type":"page","link":"https:\/\/visibles.org\/gl\/actua\/","title":{"rendered":"Act\u00faa"},"content":{"rendered":"<div class=\"wpgb-facet wpgb-loading wpgb-facet-6\" data-facet=\"6\" data-grid=\"1\">\t<fieldset>\n\t\t<legend class=\"wpgb-facet-title wpgb-sr-only\">Categorias de causas-gl<\/legend>\n\t\t<div class=\"wpgb-button-facet\"><ul class=\"wpgb-inline-list\"><li><div class=\"wpgb-button\" role=\"button\" aria-pressed=\"true\" tabindex=\"0\"><input type=\"hidden\" name=\"categorias_de_causas_gl\" value=\"\"><span class=\"wpgb-button-label\">TODAS AS CAUSAS<\/span><\/div><\/li><li><div class=\"wpgb-button\" role=\"button\" aria-pressed=\"false\" tabindex=\"0\"><input type=\"hidden\" name=\"categorias_de_causas_gl\" value=\"migracion-e-refuxio\"><span class=\"wpgb-button-label\">Migraci\u00f3n e refuxio<\/span><\/div><\/li><\/ul><\/div>\t<\/fieldset>\n\t<\/div>\n<!-- Gridbuilder \u1d42\u1d3e Plugin (https:\/\/wpgridbuilder.com) -->\n<div class=\"wp-grid-builder wpgb-grid-1 listadocausas frmaster-cause-grid2\" data-options=\"{&quot;id&quot;:1,&quot;type&quot;:&quot;masonry&quot;,&quot;source&quot;:&quot;post_type&quot;,&quot;loader&quot;:1,&quot;layout&quot;:&quot;vertical&quot;,&quot;reveal&quot;:1,&quot;isMainQuery&quot;:0,&quot;lazyLoad&quot;:1,&quot;cardSizes&quot;:{&quot;9999&quot;:{&quot;columns&quot;:3,&quot;height&quot;:240,&quot;gutter&quot;:28,&quot;ratio&quot;:&quot;1.33333&quot;},&quot;1200&quot;:{&quot;columns&quot;:2,&quot;height&quot;:240,&quot;gutter&quot;:28,&quot;ratio&quot;:&quot;1.33333&quot;},&quot;992&quot;:{&quot;columns&quot;:2,&quot;height&quot;:220,&quot;gutter&quot;:28,&quot;ratio&quot;:&quot;1.33333&quot;},&quot;768&quot;:{&quot;columns&quot;:1,&quot;height&quot;:220,&quot;gutter&quot;:28,&quot;ratio&quot;:&quot;1.33333&quot;},&quot;576&quot;:{&quot;columns&quot;:1,&quot;height&quot;:200,&quot;gutter&quot;:28,&quot;ratio&quot;:&quot;1.33333&quot;},&quot;320&quot;:{&quot;columns&quot;:1,&quot;height&quot;:200,&quot;gutter&quot;:28,&quot;ratio&quot;:&quot;1.33333&quot;}},&quot;fitRows&quot;:0,&quot;equalRows&quot;:0,&quot;equalColumns&quot;:0,&quot;fillLastRow&quot;:0,&quot;centerLastRow&quot;:0,&quot;horizontalOrder&quot;:0,&quot;fullWidth&quot;:0,&quot;transitionDelay&quot;:100,&quot;gallerySlideshow&quot;:0,&quot;rowsNumber&quot;:1,&quot;slideAlign&quot;:&quot;left&quot;,&quot;groupCells&quot;:1,&quot;draggable&quot;:1,&quot;initialIndex&quot;:0,&quot;contain&quot;:0,&quot;freeScroll&quot;:0,&quot;freeFriction&quot;:&quot;0.075&quot;,&quot;friction&quot;:&quot;0.285&quot;,&quot;attraction&quot;:&quot;0.025&quot;,&quot;autoPlay&quot;:0,&quot;pageDotAriaLabel&quot;:&quot;Page dot %d&quot;,&quot;isPreview&quot;:false,&quot;isGutenberg&quot;:false,&quot;rightToLeft&quot;:false}\"><div class=\"wpgb-svg-icons\" hidden>\n\t<svg viewBox=\"0 0 120 24\" width=\"0\" height=\"0\">\n\t<defs>\n        <polygon id=\"wpgb-star-svg\" points=\"12 2.5 15.1 8.8 22 9.8 17 14.6 18.2 21.5 12 18.3 5.8 21.5 7 14.6 2 9.8 8.9 8.8\"><\/polygon>\n    <\/defs>\n    <symbol id=\"wpgb-rating-stars-svg\">\n        <use xlink:href=\"#wpgb-star-svg\"><\/use>\n        <use xlink:href=\"#wpgb-star-svg\" x=\"24\"><\/use>\n        <use xlink:href=\"#wpgb-star-svg\" x=\"48\"><\/use>\n        <use xlink:href=\"#wpgb-star-svg\" x=\"72\"><\/use>\n        <use xlink:href=\"#wpgb-star-svg\" x=\"96\"><\/use>\n    <\/symbol>\n<\/svg>\n<\/div>\n<div class=\"wpgb-wrapper\">\n\t<div class=\"wpgb-main\">\n\t<div class=\"wpgb-layout\">\n\t<div class=\"wpgb-viewport\">\n\t\t<div class=\"wpgb-masonry\">\n\t\t\t<article class=\"wpgb-card wpgb-card-21 wpgb-post-1382 wpgb-card-hidden\" data-col=\"1\" data-row=\"1\" data-format=\"standard\"><div class=\"wpgb-card-wrapper\"><div class=\"wpgb-card-inner\"><div class=\"wpgb-card-media wpgb-scheme-light\" data-action><svg data-ratio style=\"padding-top:100%\" viewBox=\"0 0 768 768\"><\/svg><div class=\"wpgb-card-media-thumbnail\"><a href=\"https:\/\/visibles.org\/wp-content\/uploads\/2024\/02\/17.jpg\" tabindex=\"-1\" class=\"wpgb-handle-lb wpgb-lightbox\" data-type=\"image\" data-rel=\"1\" data-title=\"17\" title=\"Enlarge photo\"><div class=\"wpgb-lazy-load wpgb-lazy-spinner\" data-wpgb-thumb=\"\" data-wpgb-src=\"https:\/\/visibles.org\/wp-content\/uploads\/2024\/02\/17-768x768.jpg\"><\/div><noscript><img loading=\"lazy\" decoding=\"async\" class=\"wpgb-noscript-img\" src=\"https:\/\/visibles.org\/wp-content\/uploads\/2024\/02\/17-768x768.jpg\" alt=\"\" height=\"768\" width=\"768\"><\/noscript><\/a><\/div><div class=\"wpgb-card-media-overlay\"><\/div><a class=\"wpgb-card-layer-link\" href=\"https:\/\/visibles.org\/gl\/actua\/unete-ao-pacto-pola-hospitalidade-e-a-inclusion-engade-o-teu-camino\/\"><\/a><\/div><div class=\"wpgb-card-content wpgb-scheme-dark\"><div class=\"wpgb-card-body\"><h3 class=\"wpgb-block-3 wpgb-idle-scheme-1\"><a target=\"_self\" href=\"https:\/\/visibles.org\/gl\/actua\/unete-ao-pacto-pola-hospitalidade-e-a-inclusion-engade-o-teu-camino\/\">\u00danete ao Pacto pola hospitalidade e a inclusi\u00f3n. Engade o teu cami\u00f1o<\/a><\/h3><div class=\"wpgb-block-8 frmaster-cause-donated-bar-wrap\"><div class=\"recuento\">\t\t\t\t\t\t\n\t\t\t\t\t\t<p class=\"participantes\">Sinaturas obtidas: 181<\/p>\t\t\t\t\t\t\n\t\t\t\t\t\t<p class=\"objetivo\">Obxectivo: 200<\/p>\n\t\t\t\t\t<\/div><div class=\"barra\" id=\"1382-90.5\">\n\t\t\t\t\t\t\n\t\t\t\t\t\t<div class=\"barraBottom\">\n\t\t\t\t\t\t\t<div class=\"barraTop  barraTop1382\"><\/div>\n\t\t\t\t\t\t<\/div>\n\t\t\t\t\t<\/div>\n    <\/div><p class=\"wpgb-block-6\">&#8220;O pasado, o presente e o futuro das nosas vidas s\u00f3 se poden entender se consideramos a mobilidade humana como un eixo fundamental da humanidade. Falar de migraci\u00f3n \u00e9 falar da nosa propia historia e...<\/p><div class=\"wpgb-block-2\"><a class=\"wpgb-block-7 gdlr-core-button botonlistado\" href=\"https:\/\/visibles.org\/gl\/actua\/unete-ao-pacto-pola-hospitalidade-e-a-inclusion-engade-o-teu-camino\/\">Asina!<\/a><\/div><\/div><\/div><\/div><\/div><\/article><article class=\"wpgb-card wpgb-card-21 wpgb-post-1381 wpgb-card-hidden\" data-col=\"1\" data-row=\"1\" data-format=\"standard\"><div class=\"wpgb-card-wrapper\"><div class=\"wpgb-card-inner\"><div class=\"wpgb-card-media wpgb-scheme-light\" data-action><svg data-ratio style=\"padding-top:100%\" viewBox=\"0 0 768 768\"><\/svg><div class=\"wpgb-card-media-thumbnail\"><a href=\"https:\/\/visibles.org\/wp-content\/uploads\/2024\/02\/11.jpg\" tabindex=\"-1\" class=\"wpgb-handle-lb wpgb-lightbox\" data-type=\"image\" data-rel=\"1\" data-title=\"11\" title=\"Enlarge photo\"><div class=\"wpgb-lazy-load wpgb-lazy-spinner\" data-wpgb-thumb=\"\" data-wpgb-src=\"https:\/\/visibles.org\/wp-content\/uploads\/2024\/02\/11-768x768.jpg\"><\/div><noscript><img loading=\"lazy\" decoding=\"async\" class=\"wpgb-noscript-img\" src=\"https:\/\/visibles.org\/wp-content\/uploads\/2024\/02\/11-768x768.jpg\" alt=\"\" height=\"768\" width=\"768\"><\/noscript><\/a><\/div><div class=\"wpgb-card-media-overlay\"><\/div><a class=\"wpgb-card-layer-link\" href=\"https:\/\/visibles.org\/gl\/actua\/non-mais-cie-polo-peche-dos-centros-de-internamento-e-contra-a-apertura-doutros-novos\/\"><\/a><\/div><div class=\"wpgb-card-content wpgb-scheme-dark\"><div class=\"wpgb-card-body\"><h3 class=\"wpgb-block-3 wpgb-idle-scheme-1\"><a target=\"_self\" href=\"https:\/\/visibles.org\/gl\/actua\/non-mais-cie-polo-peche-dos-centros-de-internamento-e-contra-a-apertura-doutros-novos\/\">NON M\u00c1IS CIE. Polo peche dos centros de internamento e contra a apertura doutros novos<\/a><\/h3><div class=\"wpgb-block-8 frmaster-cause-donated-bar-wrap\"><div class=\"recuento\">\t\t\t\t\t\t\n\t\t\t\t\t\t<p class=\"participantes\">Sinaturas obtidas: 2235<\/p>\t\t\t\t\t\t\n\t\t\t\t\t\t<p class=\"objetivo\">Obxectivo: 3000<\/p>\n\t\t\t\t\t<\/div><div class=\"barra\" id=\"1381-74.5\">\n\t\t\t\t\t\t\n\t\t\t\t\t\t<div class=\"barraBottom\">\n\t\t\t\t\t\t\t<div class=\"barraTop  barraTop1381\"><\/div>\n\t\t\t\t\t\t<\/div>\n\t\t\t\t\t<\/div>\n    <\/div><p class=\"wpgb-block-6\">Esiximos que se revisen as condici\u00f3ns de internamento e que se garantan os dereitos das persoas retidas. Os Centros de Internamento de Estranxeiros,\u00a0CIE, son\u00a0espazos de discriminaci\u00f3n, sufrimento in\u00fatil e desprotecci\u00f3n. \u00dasanse como\u00a0mecanismo de control contra...<\/p><div class=\"wpgb-block-2\"><a class=\"wpgb-block-7 gdlr-core-button botonlistado\" href=\"https:\/\/visibles.org\/gl\/actua\/non-mais-cie-polo-peche-dos-centros-de-internamento-e-contra-a-apertura-doutros-novos\/\">Asina!<\/a><\/div><\/div><\/div><\/div><\/div><\/article>\t\t<\/div>\n\t<\/div>\n\t<div class=\"wpgb-loader\">\n\t<div class=\"wpgb-loader-17\">\n\t\t<div><div><\/div><div><\/div><\/div>\t<\/div>\n<\/div>\n<\/div>\n\t<\/div>\n\t\t<\/div>\n<\/div>\n\n<div class=\"wpgb-facet wpgb-loading wpgb-facet-7\" data-facet=\"7\" data-grid=\"1\"><\/div>\n","protected":false},"excerpt":{"rendered":"","protected":false},"author":1,"featured_media":0,"parent":0,"menu_order":0,"comment_status":"closed","ping_status":"closed","template":"causa-list.php","meta":{"_acf_changed":false,"footnotes":""},"class_list":["post-982","page","type-page","status-publish","hentry"],"acf":[],"yoast_head":"<!-- This site is optimized with the Yoast SEO plugin v27.4 - https:\/\/yoast.com\/product\/yoast-seo-wordpress\/ -->\n<title>Act\u00faa - Visibles<\/title>\n<meta name=\"robots\" content=\"noindex, follow\" \/>\n<meta property=\"og:locale\" content=\"gl_ES\" \/>\n<meta property=\"og:type\" content=\"article\" \/>\n<meta property=\"og:title\" content=\"Act\u00faa - Visibles\" \/>\n<meta property=\"og:url\" content=\"https:\/\/visibles.org\/gl\/actua\/\" \/>\n<meta property=\"og:site_name\" content=\"Visibles\" \/>\n<meta property=\"article:modified_time\" content=\"2024-03-14T10:33:16+00:00\" \/>\n<meta property=\"og:image\" content=\"https:\/\/visibles.org\/wp-content\/uploads\/2024\/01\/cabecera-1.jpg\" \/>\n\t<meta property=\"og:image:width\" content=\"1920\" \/>\n\t<meta property=\"og:image:height\" content=\"621\" \/>\n\t<meta property=\"og:image:type\" content=\"image\/jpeg\" \/>\n<meta name=\"twitter:card\" content=\"summary_large_image\" \/>\n<meta name=\"twitter:label1\" content=\"Tempo de lectura\" \/>\n\t<meta name=\"twitter:data1\" content=\"1 minuto\" \/>\n<script type=\"application\/ld+json\" class=\"yoast-schema-graph\">{\"@context\":\"https:\\\/\\\/schema.org\",\"@graph\":[{\"@type\":\"WebPage\",\"@id\":\"https:\\\/\\\/visibles.org\\\/gl\\\/actua\\\/\",\"url\":\"https:\\\/\\\/visibles.org\\\/gl\\\/actua\\\/\",\"name\":\"Act\u00faa - Visibles\",\"isPartOf\":{\"@id\":\"https:\\\/\\\/visibles.org\\\/gl\\\/#website\"},\"datePublished\":\"2024-01-24T15:43:17+00:00\",\"dateModified\":\"2024-03-14T10:33:16+00:00\",\"breadcrumb\":{\"@id\":\"https:\\\/\\\/visibles.org\\\/gl\\\/actua\\\/#breadcrumb\"},\"inLanguage\":\"gl-ES\",\"potentialAction\":[{\"@type\":\"ReadAction\",\"target\":[\"https:\\\/\\\/visibles.org\\\/gl\\\/actua\\\/\"]}]},{\"@type\":\"BreadcrumbList\",\"@id\":\"https:\\\/\\\/visibles.org\\\/gl\\\/actua\\\/#breadcrumb\",\"itemListElement\":[{\"@type\":\"ListItem\",\"position\":1,\"name\":\"Portada\",\"item\":\"https:\\\/\\\/visibles.org\\\/gl\\\/\"},{\"@type\":\"ListItem\",\"position\":2,\"name\":\"Act\u00faa\"}]},{\"@type\":\"WebSite\",\"@id\":\"https:\\\/\\\/visibles.org\\\/gl\\\/#website\",\"url\":\"https:\\\/\\\/visibles.org\\\/gl\\\/\",\"name\":\"Visibles\",\"description\":\"Just another WordPress site\",\"potentialAction\":[{\"@type\":\"SearchAction\",\"target\":{\"@type\":\"EntryPoint\",\"urlTemplate\":\"https:\\\/\\\/visibles.org\\\/gl\\\/?s={search_term_string}\"},\"query-input\":{\"@type\":\"PropertyValueSpecification\",\"valueRequired\":true,\"valueName\":\"search_term_string\"}}],\"inLanguage\":\"gl-ES\"}]}<\/script>\n<!-- \/ Yoast SEO plugin. -->","yoast_head_json":{"title":"Act\u00faa - Visibles","robots":{"index":"noindex","follow":"follow"},"og_locale":"gl_ES","og_type":"article","og_title":"Act\u00faa - Visibles","og_url":"https:\/\/visibles.org\/gl\/actua\/","og_site_name":"Visibles","article_modified_time":"2024-03-14T10:33:16+00:00","og_image":[{"width":1920,"height":621,"url":"https:\/\/visibles.org\/wp-content\/uploads\/2024\/01\/cabecera-1.jpg","type":"image\/jpeg"}],"twitter_card":"summary_large_image","twitter_misc":{"Tempo de lectura":"1 minuto"},"schema":{"@context":"https:\/\/schema.org","@graph":[{"@type":"WebPage","@id":"https:\/\/visibles.org\/gl\/actua\/","url":"https:\/\/visibles.org\/gl\/actua\/","name":"Act\u00faa - Visibles","isPartOf":{"@id":"https:\/\/visibles.org\/gl\/#website"},"datePublished":"2024-01-24T15:43:17+00:00","dateModified":"2024-03-14T10:33:16+00:00","breadcrumb":{"@id":"https:\/\/visibles.org\/gl\/actua\/#breadcrumb"},"inLanguage":"gl-ES","potentialAction":[{"@type":"ReadAction","target":["https:\/\/visibles.org\/gl\/actua\/"]}]},{"@type":"BreadcrumbList","@id":"https:\/\/visibles.org\/gl\/actua\/#breadcrumb","itemListElement":[{"@type":"ListItem","position":1,"name":"Portada","item":"https:\/\/visibles.org\/gl\/"},{"@type":"ListItem","position":2,"name":"Act\u00faa"}]},{"@type":"WebSite","@id":"https:\/\/visibles.org\/gl\/#website","url":"https:\/\/visibles.org\/gl\/","name":"Visibles","description":"Just another WordPress site","potentialAction":[{"@type":"SearchAction","target":{"@type":"EntryPoint","urlTemplate":"https:\/\/visibles.org\/gl\/?s={search_term_string}"},"query-input":{"@type":"PropertyValueSpecification","valueRequired":true,"valueName":"search_term_string"}}],"inLanguage":"gl-ES"}]}},"_links":{"self":[{"href":"https:\/\/visibles.org\/gl\/wp-json\/wp\/v2\/pages\/982","targetHints":{"allow":["GET"]}}],"collection":[{"href":"https:\/\/visibles.org\/gl\/wp-json\/wp\/v2\/pages"}],"about":[{"href":"https:\/\/visibles.org\/gl\/wp-json\/wp\/v2\/types\/page"}],"author":[{"embeddable":true,"href":"https:\/\/visibles.org\/gl\/wp-json\/wp\/v2\/users\/1"}],"replies":[{"embeddable":true,"href":"https:\/\/visibles.org\/gl\/wp-json\/wp\/v2\/comments?post=982"}],"version-history":[{"count":3,"href":"https:\/\/visibles.org\/gl\/wp-json\/wp\/v2\/pages\/982\/revisions"}],"predecessor-version":[{"id":1267,"href":"https:\/\/visibles.org\/gl\/wp-json\/wp\/v2\/pages\/982\/revisions\/1267"}],"wp:attachment":[{"href":"https:\/\/visibles.org\/gl\/wp-json\/wp\/v2\/media?parent=982"}],"curies":[{"name":"wp","href":"https:\/\/api.w.org\/{rel}","templated":true}]}}