{"id":1039,"date":"2024-01-25T12:33:17","date_gmt":"2024-01-25T11:33:17","guid":{"rendered":"https:\/\/www.visibles.org\/aviso-legal\/"},"modified":"2024-02-26T17:23:32","modified_gmt":"2024-02-26T16:23:32","slug":"legezko-abisua","status":"publish","type":"page","link":"https:\/\/visibles.org\/eu\/legezko-abisua\/","title":{"rendered":"Legezko abisua"},"content":{"rendered":"<p>El acceso y la navegaci\u00f3n en el sitio web, implican la aceptaci\u00f3n expresa e \u00edntegra de todas y cada una de las presentes condiciones generales, incluidas la Pol\u00edtica de privacidad y Cookies, relativa a las finalidades de los tratamientos de los datos que se nos faciliten. Por favor, recomendamos que la lea atentamente. Salvo indicaci\u00f3n expresa en contrario, el acceso a la informaci\u00f3n mostrada en las p\u00e1ginas del portal, es totalmente gratuita.En el presente Aviso Legal encontrar\u00e1 informaci\u00f3n sobre:<\/p>\n<ol>\n<li>Identificaci\u00f3n Legal.<\/li>\n<li>Condiciones Generales de Uso.<\/li>\n<li>Obligaciones Generales del Usuario.<\/li>\n<li>Participaci\u00f3n del usuario en diferentes secciones y herramientas: Blogs y Comentarios.<\/li>\n<li>Propiedad Intelectual e industrial.<\/li>\n<li>Enlaces.<\/li>\n<li>Responsabilidad.<\/li>\n<li>Jurisdicci\u00f3n.<\/li>\n<\/ol>\n<h3>1.- IDENTIFICACI\u00d3N LEGAL<\/h3>\n<p>En cumplimiento de la Ley 34\/2002, de 11 de julio, de Servicios de la Sociedad de la Informaci\u00f3n y del Comercio Electr\u00f3nico, los datos identificativos del titular de esta Web, son:<\/p>\n<p><strong>FUNDACI\u00d3N ENTRECULTURAS FE Y ALEGR\u00cdA<\/strong><br \/>\nCalle Maldonado, 1, A, planta 3\u202828006 Madrid (Espa\u00f1a)<br \/>\nCIF. G-82409020\u2028Inscrita en el Registro de Fundaciones del M\u00ba del Interior con el n\u00ba 28\/1.127<\/p>\n<p><strong>FUNDACI\u00d3N ALBOAN<\/strong><br \/>\nCalle Padre Lojendio, 2. 2\u00aa<br \/>\n48008 \u2013 Bilbao (Espa\u00f1a)<br \/>\nCIF. G-48811376<br \/>\nContacto para modificaci\u00f3n de datos: <a href=\"mailto:info@alboan.org\">info@alboan.org<\/a><\/p>\n<p>El acceso a visibles.org supone la aceptaci\u00f3n expresa del Usuario a las presentes condiciones del Aviso legal, que podr\u00e1n ser modificadas o sustituidas por la <strong>Fundaci\u00f3n Entreculturas Fe y Alegr\u00eda o Fundaci\u00f3n Alboan<\/strong> en cualquier momento y sin previo aviso.<\/p>\n<h3>2.- CONDICIONES GENERALES DE USO<\/h3>\n<p>Las siguientes Condiciones generales regulan el uso y acceso al portal web <a href=\"https:\/\/www.visibles.org\/\">https:\/\/www.visibles.org\/<\/a> cuya finalidad es ser puerta de entrada que ofrezca a los usuarios informaci\u00f3n, servicios y contenidos v\u00eda Web.<\/p>\n<p>Todo usuario con acceso al portal web <a href=\"https:\/\/www.visibles.org\/\">https:\/\/www.visibles.org\/<\/a>, deber\u00e1 aceptar las presentes Condiciones Generales, entendi\u00e9ndose la utilizaci\u00f3n de la web como una aceptaci\u00f3n de las mismas.<\/p>\n<p>Igualmente, aquellas p\u00e1ginas, titularidad de terceros, a las que se puede acceder a trav\u00e9s de enlaces y que presentan otras condiciones generales, deber\u00e1n ser igualmente aceptadas.<\/p>\n<p>El usuario se compromete a hacer un uso adecuado de los contenidos, servicios, noticias, blogs, que est\u00e1n accesibles en <a href=\"https:\/\/www.visibles.org\/\">https:\/\/www.visibles.org\/<\/a>, con sujeci\u00f3n a la Ley y a las presentes Condiciones generales de uso, respetando en todo momento a los dem\u00e1s usuarios de la misma.<\/p>\n<p>En caso de incumplimiento total o parcial de las presentes condiciones, la <strong>Fundaci\u00f3n Entreculturas Fe y Alegr\u00eda y Fundaci\u00f3n Alboan<\/strong> se reservan el derecho de denegar el acceso a <a href=\"https:\/\/www.visibles.org\/\">https:\/\/www.visibles.org\/<\/a> sin necesidad de previo aviso al usuario.<\/p>\n<p>La Fundaci\u00f3n Entreculturas Fe y Alegr\u00eda y Fundaci\u00f3n Alboan adoptar\u00e1 todas las medidas a su alcance para impedir cualquier tipo de conducta contraria a las Leyes espa\u00f1olas y cooperar\u00e1 con las autoridades competentes en la identificaci\u00f3n de los sujetos responsables de las acciones que puedan suponer violaci\u00f3n de las leyes aplicables al presente sitio Web.<\/p>\n<h3>3.- OBLIGACIONES GENERALES DEL USUARIO<\/h3>\n<p>El usuario, al aceptar las presentes Condiciones generales de uso, se obliga expresamente a:<\/p>\n<ul>\n<li>No realizar ninguna acci\u00f3n destinada a perjudicar, bloquear, da\u00f1ar, inutilizar, sobrecargar, de forma temporal o definitiva, las funcionalidades, herramientas, contenidos y\/o la infraestructura de la p\u00e1gina web, de manera que impida su normal utilizaci\u00f3n.<\/li>\n<li>No introducir ni realizar contenidos injuriosos o calumniosos, tanto de otros usuarios como de terceros ajenos a la <strong>Fundaci\u00f3n Entreculturas Fe y Alegr\u00eda y Fundaci\u00f3n Alboan.<\/strong><\/li>\n<li>No utilizar cualquiera de los materiales e informaciones contenidos en este sitio Web con fines il\u00edcitos y expresamente prohibidos en las presentes Condiciones generales de uso, y que resulten contrarios a los derechos e intereses de la <strong>Fundaci\u00f3n Entreculturas Fe y Alegr\u00eda y Fundaci\u00f3n Alboan<\/strong>, sus usuarios y\/o terceros.<\/li>\n<li>El usuario responder\u00e1 de los todos los da\u00f1os y perjuicios de toda naturaleza que la <strong>Fundaci\u00f3n Entreculturas Fe y Alegr\u00eda y Fundaci\u00f3n Alboan<\/strong> o cualquier tercero pueda sufrir como consecuencia del incumplimiento de cualesquiera de las obligaciones a las que queda sometido por virtud de este \u201cAviso Legal\u201d o de la ley en relaci\u00f3n con el acceso y\/o utilizaci\u00f3n del portal web <a href=\"https:\/\/www.visibles.org\/\">https:\/\/www.visibles.org\/<\/a>.<\/li>\n<\/ul>\n<h3>4.- CONDICIONES DE PARTICIPACI\u00d3N DEL USUARIO EN DIFERENTES SECCIONES Y HERRAMIENTAS DE <a href=\"https:\/\/www.visibles.org\/\">https:\/\/www.visibles.org\/<\/a>: BLOGS Y COMENTARIOS.<\/h3>\n<p>El usuario puede participar activamente en determinadas secciones y herramientas puestas a su disposici\u00f3n por parte de la <strong>Fundaci\u00f3n Entreculturas Fe y Alegr\u00eda y Fundaci\u00f3n Alboan<\/strong> en <a href=\"https:\/\/www.visibles.org\/\">https:\/\/www.visibles.org\/<\/a>, tales como inserci\u00f3n de comentarios en blogs y noticias.<\/p>\n<p>Para la participaci\u00f3n en los Blogs, el usuario deber\u00e1 identificarse, comprometi\u00e9ndose a que cualquier informaci\u00f3n u opini\u00f3n que introduzca sea conforme a la Ley, la moral y el orden p\u00fablico, absteni\u00e9ndose de realizar comentarios que sean contrarios a las normas de etiqueta de Internet.<\/p>\n<p>La <strong>Fundaci\u00f3n Entreculturas Fe y Alegr\u00eda y Fundaci\u00f3n Alboan<\/strong>, a trav\u00e9s de sus administradores, se reservan el derecho de editar o eliminar cualquier mensaje, o impedir el acceso a los Blogs al usuario que incumpla las normas de utilizaci\u00f3n de estas herramientas sin necesidad de previo aviso. Dicha no publicaci\u00f3n no podr\u00e1 ser considerada en ning\u00fan momento ni por ning\u00fan motivo una limitaci\u00f3n del derecho fundamental a la libertad de expresi\u00f3n del usuario.<\/p>\n<p>A t\u00edtulo enunciativo, y en ning\u00fan caso limitativo o excluyente, el usuario de los Blogs de <strong>https:\/\/www.visibles.org\/<\/strong>, se compromete expresamente a:<\/p>\n<ul>\n<li>No introducir o difundir contenidos o propaganda de car\u00e1cter racista, xen\u00f3fobo, pornogr\u00e1fico, de apolog\u00eda del terrorismo o que atenten contra los derechos y libertades fundamentales de los individuos; y en general contravengan los principios de legalidad, responsabilidad, protecci\u00f3n de la dignidad humana y la protecci\u00f3n de menores.<\/li>\n<li>No introducir ni utilizar los Blogs para realizar agravios, insultos, provocaciones, descalificaciones personales o introducir contenidos con un lenguaje impropio o inadecuado, sean dirigidos tales contenidos a un participante o no. Asimismo, tampoco podr\u00e1n realizarse denuncias ni acusaciones de ning\u00fan tipo.<\/li>\n<li>No introducir o difundir publicidad ni ofertas comerciales y\/o promocionales de terceras empresas ajenas a <strong>Fundaci\u00f3n Entreculturas Fe y Alegr\u00eda y Fundaci\u00f3n Alboan<\/strong>. Igualmente, los usuarios de los Blogs no est\u00e1n autorizados a introducir cadenas de mensajes, felicitaciones o mensajes que no tengan relaci\u00f3n alguna con el contenido del Blog\/Noticia.<\/li>\n<li>No introducir o difundir virus o software nocivo susceptible de provocar da\u00f1os en los sistemas inform\u00e1ticos.<\/li>\n<li>No introducir contenidos protegidos (entre otros, im\u00e1genes, sonidos, fotograf\u00edas, videos, textos, documentos) por el derecho de autor y la propiedad industrial (entre otras; marcas, nombres comerciales, distintivos gr\u00e1ficos) sin contar con la autorizaci\u00f3n expresa de sus respectivos propietarios o titulares de los derechos.<\/li>\n<\/ul>\n<p>El usuario reconoce y acepta que cualquier comentario y\/o opini\u00f3n que manifieste y sea publicada, ser\u00e1 de su exclusiva responsabilidad a todos los efectos. En este sentido, el usuario ser\u00e1 directamente responsable de los da\u00f1os y perjuicios causados a terceros derivados de la utilizaci\u00f3n del Blog, as\u00ed como de los da\u00f1os y perjuicios causados por la falta de legalidad, veracidad, exactitud, moralidad y de toda informaci\u00f3n y opiniones que proporcione o haga accesible a otros usuarios y\/o visitantes de <a href=\"https:\/\/www.visibles.org\/\">https:\/\/www.visibles.org\/<\/a>.<\/p>\n<h3>5.- PROPIEDAD INTELECTUAL E INDUSTRIAL.<\/h3>\n<p>El sitio web <a href=\"https:\/\/www.visibles.org\/\">https:\/\/www.visibles.org\/<\/a>, las p\u00e1ginas que comprende y la informaci\u00f3n o elementos contenidos en las mismas (incluyendo textos, documentos, fotograf\u00edas, dibujos, representaciones gr\u00e1ficas, entre otros), as\u00ed como logotipos, marcas u otros signos distintivos, se encuentran protegidos por derechos de propiedad intelectual o industrial, de los que la <strong>Fundaci\u00f3n Entreculturas Fe y Alegr\u00eda y Fundaci\u00f3n Alboan<\/strong> es titular u ostenta autorizaci\u00f3n para la explotaci\u00f3n de los mismos por parte de los leg\u00edtimos titulares.<\/p>\n<p>El usuario se obliga a usar los contenidos de forma diligente y correcta, de acuerdo a la ley, la moral y el orden p\u00fablico.<\/p>\n<p>La Fundaci\u00f3n E<strong>ntreculturas Fe y Alegr\u00eda y Fundaci\u00f3n Alboan<\/strong> autoriza al usuario para visualizar la informaci\u00f3n que se contiene en este sitio web, as\u00ed como para efectuar reproducciones privadas (simple actividad de descarga y almacenamiento en sus sistemas inform\u00e1ticos), siempre y cuando los elementos sean destinados \u00fanicamente al uso personal o para finalidades previamente autorizadas por la <strong>Fundaci\u00f3n Entreculturas Fe y Alegr\u00eda y Fundaci\u00f3n Alboan.<\/strong><\/p>\n<p>El usuario no est\u00e1 autorizado para proceder a la distribuci\u00f3n, modificaci\u00f3n, cesi\u00f3n o comunicaci\u00f3n p\u00fablica de la informaci\u00f3n contenida en esta Web en cualquier forma y cualquiera que sea su finalidad.<\/p>\n<h3>6.- ENLACES.<\/h3>\n<p>Las conexiones y enlaces a sitios o p\u00e1ginas Web de terceros se han establecido \u00fanicamente como una utilidad para el usuario. La <strong>Fundaci\u00f3n Entreculturas Fe y Alegr\u00eda y Fundaci\u00f3n Alboan<\/strong> no son, en ning\u00fan caso, responsables de las mismas o de su contenido.<\/p>\n<p>La <strong>Fundaci\u00f3n Entreculturas Fe y Alegr\u00eda y Fundaci\u00f3n Alboan<\/strong> no asumen ninguna responsabilidad derivada de la existencia de enlaces entre los contenidos de este sitio y contenidos situados fuera del mismo o cualquier otra menci\u00f3n de contenidos externos a este sitio. Tales enlaces o menciones tienen una finalidad exclusivamente informativa y, en ning\u00fan caso, implican el apoyo, aprobaci\u00f3n o relaci\u00f3n alguna entre la <strong>Fundaci\u00f3n Entreculturas Fe y Alegr\u00eda y Fundaci\u00f3n Alboan<\/strong> y las personas o entidades autoras y\/o gestoras de tales contenidos o titulares de los sitios donde se encuentren.<\/p>\n<p>Para realizar enlaces con la p\u00e1gina web <a href=\"https:\/\/www.visibles.org\/\">https:\/\/www.visibles.org\/<\/a> ser\u00e1 necesaria la autorizaci\u00f3n expresa y por escrito de la <strong>Fundaci\u00f3n Entreculturas Fe y Alegr\u00eda y Fundaci\u00f3n Alboan.<\/strong><\/p>\n<h3>7.- RESPONSABILIDAD.<\/h3>\n<p>La <strong>Fundaci\u00f3n Entreculturas Fe y Alegr\u00eda y Fundaci\u00f3n Alboan<\/strong> no garantiza el acceso continuado, ni la correcta visualizaci\u00f3n, descarga o utilidad de los elementos e informaci\u00f3n contenidos en las p\u00e1ginas del portal web <a href=\"https:\/\/www.visibles.org\/\">https:\/\/www.visibles.org\/<\/a> que pueden verse impedidos, dificultados o interrumpidos por factores o circunstancias fuera de su control o ajenas a su voluntad, ni de aquellos que sean producidos por la existencia de virus inform\u00e1ticos en Internet.<\/p>\n<p>La <strong>Fundaci\u00f3n Entreculturas Fe y Alegr\u00eda y Fundaci\u00f3n Alboan<\/strong> no asume responsabilidad alguna por da\u00f1os, perjuicios, p\u00e9rdidas, reclamaciones o gastos, producidos por:<\/p>\n<ul>\n<li>Interferencias, interrupciones, fallos, omisiones, retrasos, bloqueos o desconexiones, motivadas por errores en las l\u00edneas y redes de telecomunicaciones o por cualquier otra causa ajena al control de la Fundaci\u00f3n Entreculturas Fe y Alegr\u00eda y Fundaci\u00f3n Alboan.<\/li>\n<li>Intromisiones ileg\u00edtimas mediante el uso de programas malignos de cualquier tipo y a trav\u00e9s de cualquier medio de comunicaci\u00f3n, tales como virus inform\u00e1ticos o cualesquiera otros;<\/li>\n<li>Uso indebido o inadecuado de la Web<\/li>\n<li>Errores de seguridad o navegaci\u00f3n producidos por un mal funcionamiento del navegador o por el uso de versiones no actualizadas.<\/li>\n<\/ul>\n<h3>8.- JURISDICCI\u00d3N.<\/h3>\n<p>En caso de controversia o conflicto que pueda derivarse de la interpretaci\u00f3n o cumplimiento del presente Aviso Legal, las mismas ser\u00e1n resueltas ante los Tribunales y Juzgados de Madrid, Espa\u00f1a.<\/p>\n<p>Si alguna cl\u00e1usula o apartado de las presentes Condiciones generales, que no sea de naturaleza esencial para la existencia del mismo, es declarada nula o inaplicable, la validez de las restantes cl\u00e1usulas no se ver\u00e1 afectada.<\/p>\n","protected":false},"excerpt":{"rendered":"<p>El acceso y la navegaci\u00f3n en el sitio web, implican la aceptaci\u00f3n expresa e \u00edntegra de todas y cada una de las presentes condiciones generales, incluidas la Pol\u00edtica de privacidad y Cookies, relativa a las finalidades de los tratamientos de los datos que se nos faciliten. Por favor, recomendamos que la lea atentamente. Salvo indicaci\u00f3n [&hellip;]<\/p>\n","protected":false},"author":1,"featured_media":0,"parent":0,"menu_order":0,"comment_status":"closed","ping_status":"closed","template":"legales.php","meta":{"_acf_changed":false,"footnotes":""},"class_list":["post-1039","page","type-page","status-publish","hentry"],"acf":[],"yoast_head":"<!-- This site is optimized with the Yoast SEO plugin v27.4 - https:\/\/yoast.com\/product\/yoast-seo-wordpress\/ -->\n<title>Legezko abisua - Visibles<\/title>\n<meta name=\"robots\" content=\"noindex, follow\" \/>\n<meta property=\"og:locale\" content=\"eu_ES\" \/>\n<meta property=\"og:type\" content=\"article\" \/>\n<meta property=\"og:title\" content=\"Legezko abisua - Visibles\" \/>\n<meta property=\"og:description\" content=\"El acceso y la navegaci\u00f3n en el sitio web, implican la aceptaci\u00f3n expresa e \u00edntegra de todas y cada una de las presentes condiciones generales, incluidas la Pol\u00edtica de privacidad y Cookies, relativa a las finalidades de los tratamientos de los datos que se nos faciliten. Por favor, recomendamos que la lea atentamente. Salvo indicaci\u00f3n [&hellip;]\" \/>\n<meta property=\"og:url\" content=\"https:\/\/visibles.org\/eu\/legezko-abisua\/\" \/>\n<meta property=\"og:site_name\" content=\"Visibles\" \/>\n<meta property=\"article:modified_time\" content=\"2024-02-26T16:23:32+00:00\" \/>\n<meta name=\"twitter:card\" content=\"summary_large_image\" \/>\n<meta name=\"twitter:label1\" content=\"Est. reading time\" \/>\n\t<meta name=\"twitter:data1\" content=\"8 minutes\" \/>\n<script type=\"application\/ld+json\" class=\"yoast-schema-graph\">{\"@context\":\"https:\\\/\\\/schema.org\",\"@graph\":[{\"@type\":\"WebPage\",\"@id\":\"https:\\\/\\\/visibles.org\\\/eu\\\/legezko-abisua\\\/\",\"url\":\"https:\\\/\\\/visibles.org\\\/eu\\\/legezko-abisua\\\/\",\"name\":\"Legezko abisua - Visibles\",\"isPartOf\":{\"@id\":\"https:\\\/\\\/visibles.org\\\/eu\\\/#website\"},\"datePublished\":\"2024-01-25T11:33:17+00:00\",\"dateModified\":\"2024-02-26T16:23:32+00:00\",\"breadcrumb\":{\"@id\":\"https:\\\/\\\/visibles.org\\\/eu\\\/legezko-abisua\\\/#breadcrumb\"},\"inLanguage\":\"eu-ES\",\"potentialAction\":[{\"@type\":\"ReadAction\",\"target\":[\"https:\\\/\\\/visibles.org\\\/eu\\\/legezko-abisua\\\/\"]}]},{\"@type\":\"BreadcrumbList\",\"@id\":\"https:\\\/\\\/visibles.org\\\/eu\\\/legezko-abisua\\\/#breadcrumb\",\"itemListElement\":[{\"@type\":\"ListItem\",\"position\":1,\"name\":\"Portada\",\"item\":\"https:\\\/\\\/visibles.org\\\/eu\\\/\"},{\"@type\":\"ListItem\",\"position\":2,\"name\":\"Legezko abisua\"}]},{\"@type\":\"WebSite\",\"@id\":\"https:\\\/\\\/visibles.org\\\/eu\\\/#website\",\"url\":\"https:\\\/\\\/visibles.org\\\/eu\\\/\",\"name\":\"Visibles\",\"description\":\"Just another WordPress site\",\"potentialAction\":[{\"@type\":\"SearchAction\",\"target\":{\"@type\":\"EntryPoint\",\"urlTemplate\":\"https:\\\/\\\/visibles.org\\\/eu\\\/?s={search_term_string}\"},\"query-input\":{\"@type\":\"PropertyValueSpecification\",\"valueRequired\":true,\"valueName\":\"search_term_string\"}}],\"inLanguage\":\"eu-ES\"}]}<\/script>\n<!-- \/ Yoast SEO plugin. -->","yoast_head_json":{"title":"Legezko abisua - Visibles","robots":{"index":"noindex","follow":"follow"},"og_locale":"eu_ES","og_type":"article","og_title":"Legezko abisua - Visibles","og_description":"El acceso y la navegaci\u00f3n en el sitio web, implican la aceptaci\u00f3n expresa e \u00edntegra de todas y cada una de las presentes condiciones generales, incluidas la Pol\u00edtica de privacidad y Cookies, relativa a las finalidades de los tratamientos de los datos que se nos faciliten. Por favor, recomendamos que la lea atentamente. Salvo indicaci\u00f3n [&hellip;]","og_url":"https:\/\/visibles.org\/eu\/legezko-abisua\/","og_site_name":"Visibles","article_modified_time":"2024-02-26T16:23:32+00:00","twitter_card":"summary_large_image","twitter_misc":{"Est. reading time":"8 minutes"},"schema":{"@context":"https:\/\/schema.org","@graph":[{"@type":"WebPage","@id":"https:\/\/visibles.org\/eu\/legezko-abisua\/","url":"https:\/\/visibles.org\/eu\/legezko-abisua\/","name":"Legezko abisua - Visibles","isPartOf":{"@id":"https:\/\/visibles.org\/eu\/#website"},"datePublished":"2024-01-25T11:33:17+00:00","dateModified":"2024-02-26T16:23:32+00:00","breadcrumb":{"@id":"https:\/\/visibles.org\/eu\/legezko-abisua\/#breadcrumb"},"inLanguage":"eu-ES","potentialAction":[{"@type":"ReadAction","target":["https:\/\/visibles.org\/eu\/legezko-abisua\/"]}]},{"@type":"BreadcrumbList","@id":"https:\/\/visibles.org\/eu\/legezko-abisua\/#breadcrumb","itemListElement":[{"@type":"ListItem","position":1,"name":"Portada","item":"https:\/\/visibles.org\/eu\/"},{"@type":"ListItem","position":2,"name":"Legezko abisua"}]},{"@type":"WebSite","@id":"https:\/\/visibles.org\/eu\/#website","url":"https:\/\/visibles.org\/eu\/","name":"Visibles","description":"Just another WordPress site","potentialAction":[{"@type":"SearchAction","target":{"@type":"EntryPoint","urlTemplate":"https:\/\/visibles.org\/eu\/?s={search_term_string}"},"query-input":{"@type":"PropertyValueSpecification","valueRequired":true,"valueName":"search_term_string"}}],"inLanguage":"eu-ES"}]}},"_links":{"self":[{"href":"https:\/\/visibles.org\/eu\/wp-json\/wp\/v2\/pages\/1039","targetHints":{"allow":["GET"]}}],"collection":[{"href":"https:\/\/visibles.org\/eu\/wp-json\/wp\/v2\/pages"}],"about":[{"href":"https:\/\/visibles.org\/eu\/wp-json\/wp\/v2\/types\/page"}],"author":[{"embeddable":true,"href":"https:\/\/visibles.org\/eu\/wp-json\/wp\/v2\/users\/1"}],"replies":[{"embeddable":true,"href":"https:\/\/visibles.org\/eu\/wp-json\/wp\/v2\/comments?post=1039"}],"version-history":[{"count":1,"href":"https:\/\/visibles.org\/eu\/wp-json\/wp\/v2\/pages\/1039\/revisions"}],"predecessor-version":[{"id":1047,"href":"https:\/\/visibles.org\/eu\/wp-json\/wp\/v2\/pages\/1039\/revisions\/1047"}],"wp:attachment":[{"href":"https:\/\/visibles.org\/eu\/wp-json\/wp\/v2\/media?parent=1039"}],"curies":[{"name":"wp","href":"https:\/\/api.w.org\/{rel}","templated":true}]}}