{"id":740,"date":"2024-01-25T12:32:32","date_gmt":"2024-01-25T11:32:32","guid":{"rendered":"https:\/\/www.visibles.org\/cookies\/"},"modified":"2024-02-20T17:16:40","modified_gmt":"2024-02-20T16:16:40","slug":"cookies-policy","status":"publish","type":"page","link":"https:\/\/visibles.org\/en\/cookies-policy\/","title":{"rendered":"Cookies Policy"},"content":{"rendered":"<p>Esta Pol\u00edtica de cookies es parte integrante de las Condiciones generales y la Pol\u00edtica de privacidad. El acceso y la navegaci\u00f3n en el sitio, o el uso de los servicios del mismo, implican la aceptaci\u00f3n de las Condiciones generales (y por tanto de la Pol\u00edtica de privacidad y Pol\u00edtica de cookies). Por favor, l\u00e9alas atentamente.Agradecemos que haya decidido visitarnos. Deseamos que su experiencia en este sitio sea lo mejor posible, por ese motivo, hemos redactado esta Pol\u00edtica de cookies de la forma m\u00e1s clara posible.<\/p>\n<h3>\u00bfQu\u00e9 es una Cookie?<\/h3>\n<p>Las cookies son archivos que contienen peque\u00f1as cantidades de informaci\u00f3n que se descargan en el dispositivo que el usuario utiliza cuando visita un sitio web. Su finalidad principal es reconocer al usuario cada vez que accede a y permite, adem\u00e1s, mejorar la calidad y la usabilidad de nuestra web.<\/p>\n<p>Las cookies son esenciales para el funcionamiento de Internet; no pueden da\u00f1ar el equipo\/dispositivo del usuario y, si se encuentran activadas en la configuraci\u00f3n de su navegador, nos ayudan a identificar y resolver posibles errores de funcionamiento.<\/p>\n<h3>Tipos de Cookies<\/h3>\n<p>Hay diferentes tipos de cookies. Todos ellos trabajan de la misma manera, pero tienen peque\u00f1as diferencias:<\/p>\n<ul>\n<li><strong>a) Cookies de Sesi\u00f3n<\/strong>: Las cookies de sesi\u00f3n duran solamente la duraci\u00f3n de su visita y se borran cuando se cierra el navegador. Su finalidad principal es identificar el tipo de dispositivo, apoyar la seguridad del sitio web o su funcionalidad b\u00e1sica. No contienen informaci\u00f3n personal que permita identificar a una persona.<\/li>\n<li><strong>b) Cookies Persistentes o Permanentes<\/strong>: Se almacenan en el disco duro del dispositivo y la web las lee cada vez que se realiza una nueva visita; posee una fecha de caducidad o expiraci\u00f3n determinada, cumplida la misma, la cookie deja de funcionar. Permiten identificar sus acciones y preferencias; analizar las visitas y ayudan a comprender c\u00f3mo llegan los usuarios a nuestra p\u00e1gina y mejorar nuestros servicios.<\/li>\n<li><strong>c) Cookies de Funcionalidad<\/strong>: Permiten recordar decisiones adoptadas por el usuario, como su login o identificador. La informaci\u00f3n que estas cookies recogen se anonimiza (es decir, no almacenan ni nombre, ni direcci\u00f3n, ni otro tipo de datos).<\/li>\n<li><strong>d) Cookies de terceros<\/strong>: Las cookies de terceros son las cookies que instala un sitio web que no es el que se est\u00e1 visitando; por ejemplo, las usadas por redes sociales (como Facebook) o por complementos externos de contenido (como Google Maps). Algunas empresas de publicidad usan este tipo de archivos para realizar un seguimiento de las visitas en cada sitio en el que se anuncian.<\/li>\n<li><strong>e) Cookies Anal\u00edticas<\/strong>: Son cookies que tienen por finalidad un mantenimiento peri\u00f3dico para garantizar el mejor funcionamiento y servicio al usuario, recopilando datos de su actividad.<\/li>\n<\/ul>\n<h3>Uso de Cookies por parte de <a href=\"https:\/\/www.visibles.org\/\">https:\/\/www.visibles.org\/<\/a><\/h3>\n<p>Mediante el acceso a <a href=\"https:\/\/www.visibles.org\/\">https:\/\/www.visibles.org\/<\/a>, acepta de manera expresa que podamos usar este tipo de cookies en sus dispositivos. Si desactiva las cookies, puede que su navegaci\u00f3n no sea \u00f3ptima y algunas de las utilidades que dispone no funcionen correctamente.<\/p>\n<ul>\n<li><strong>a) Cookies propias<br \/>\n<\/strong><br \/>\nCon el fin de reconocer y prestar un mejor servicio, nuestro sitio utiliza p\u00e1ginas propias. Las ventajas que conlleva la aceptaci\u00f3n de estas cookies se traduce en un ahorro de tiempo. Asimismo pueden ser utilizadas tambi\u00e9n para reconocerte entre visitas sucesivas y as\u00ed adaptar el contenido que se muestra; obtener informaci\u00f3n acerca de la fecha y hora de su \u00faltima visita, medir algunos par\u00e1metros de tr\u00e1fico dentro del propio sitio, y estimar el n\u00famero de visitas realizadas, de manera que se puedan enfocar y ajustar los servicios y promociones de forma m\u00e1s efectiva.Ninguna cookie puede extraer informaci\u00f3n de su disco duro o robar informaci\u00f3n personal. Ninguna cookie permite que pueda contactarse con su n\u00famero de tel\u00e9fono, direcci\u00f3n de correo electr\u00f3nico o con cualquier otro medio de contacto, ni tampoco pueden da\u00f1ar su equipo.<em><strong>Cookies estrictamente necesarias<br \/>\n<\/strong><\/em><br \/>\nCookie:<strong> __utma<\/strong>\/ tiempo de expiraci\u00f3n: <strong>PERSISTENTE<\/strong> \/ proveedor: <strong>Google Analytics<\/strong><br \/>\nDescripci\u00f3n: Cookie Anal\u00edtica. Guarda el id. del visitante y el n\u00famero de visitas que ha realizado al sitio web.<br \/>\nPol\u00edtica de privacidad de Google: <a href=\"http:\/\/www.google.com\/intl\/es\/policies\/privacy\/\">http:\/\/www.google.com\/intl\/es\/policies\/privacy\/<\/a>Cookie: <strong>__utmb<\/strong>\/ tiempo de expiraci\u00f3n: <strong>TEMPORAL<\/strong> \/ proveedor: <strong>Google Analytics.<\/strong><br \/>\nDescripci\u00f3n: Almacenan el tiempo de sesi\u00f3n del usuario por el site.Cookie: <strong>__utmc temporal<\/strong> \/ tiempo de expiraci\u00f3n: <strong>TEMPORAL<\/strong> \/ proveedor: <strong>Google Analytics<\/strong><br \/>\nPol\u00edtica de privacidad de Google: <a href=\"http:\/\/www.google.com\/intl\/es\/policies\/privacy\/\">http:\/\/www.google.com\/intl\/es\/policies\/privacy\/<\/a>Cookie: <strong>__utmz temporal<\/strong> \/ tiempo de expiraci\u00f3n: <strong>PERSISTENTE<\/strong> \/ proveedor: <strong>Google Analytics<\/strong><br \/>\nDescripci\u00f3n: Cookie analitica. Contiene la informaci\u00f3n del referente si el usuario accede por un buscador, un link directo o un link procedente de un anuncio.<br \/>\nPol\u00edtica de privacidad de Google: <a href=\"http:\/\/www.google.com\/intl\/es\/policies\/privacy\/\">http:\/\/www.google.com\/intl\/es\/policies\/privacy\/<\/a><\/li>\n<li><strong>b) Cookies de Google Analytics<br \/>\n<\/strong><br \/>\nEl sitio utiliza el servicio Google Analytics, que es prestado por Google, Inc., entidad cuya oficina principal est\u00e1 en 1600 Amphitheatre Parkway, Mountain View (California), CA 94043, Estados Unidos (\u201cGoogle\u201d).Google Analytics utiliza cookies para ayudarnos a analizar el uso que hacen los usuarios del sitio. La informaci\u00f3n que genera la cookie acerca del uso del sitio (incluyendo su direcci\u00f3n IP) ser\u00e1 directamente transmitida y archivada por Google en sus servidores de Estados Unidos. Google usar\u00e1 esta informaci\u00f3n por cuenta nuestra con el prop\u00f3sito de seguir la pista del uso del sitio, recopilando informes de la actividad del sitio y prestando otros servicios relacionados con la actividad del sitio y el uso de Internet. Google podr\u00e1 transmitir dicha informaci\u00f3n a terceros cuando as\u00ed se lo requiera la legislaci\u00f3n, o cuando dichos terceros procesen la informaci\u00f3n por cuenta de Google. Google no asociar\u00e1 su direcci\u00f3n IP con ning\u00fan otro dato del que disponga Google.Si lo desea puede rechazar el tratamiento de los datos o la informaci\u00f3n rechazando el uso de cookies mediante la selecci\u00f3n de la configuraci\u00f3n apropiada de su navegador. Sin embargo, si lo hace, puede ser que no pueda aprovechar la plena funcionabilidad de este sitio.Al utilizar este sitio consiente el tratamiento de su informaci\u00f3n por Google en la forma y para los fines arriba indicados.<\/li>\n<\/ul>\n<h3>Configuraci\u00f3n del usuario para evitar Cookies.<\/h3>\n<p>Desde Fundaci\u00f3n Entreculturas Fe y Alegr\u00eda y Fundaci\u00f3n Alboan y en cumplimiento de la normativa legal vigente, ponemos a su disposici\u00f3n la informaci\u00f3n que le permita configurar su navegador\/navegadores de Internet para mantener su privacidad y seguridad en relaci\u00f3n a las cookies. Por ello, facilitamos la informaci\u00f3n y enlaces a los sitios de soporte oficiales de los principales navegadores para que pueda decidir si desea o no aceptar el uso de cookies.<\/p>\n<p>As\u00ed, se pueden bloquear las cookies a trav\u00e9s de las herramientas de configuraci\u00f3n del navegador o bien configurar el navegador para que le avise cuando un servidor quiera guardar una cookie:<\/p>\n<ul>\n<li><strong>a) Si utiliza Microsoft Internet Explorer<\/strong>, en la opci\u00f3n de men\u00fa <em><strong>Herramientas &gt; Opciones de Internet &gt; Privacidad &gt; Configuraci\u00f3n<\/strong><\/em>. Para saber m\u00e1s, visita: <a href=\"http:\/\/windows.microsoft.com\/eses\/windowsvista\/blockorallowcookies\">http:\/\/windows.microsoft.com\/eses\/windowsvista\/blockorallowcookies<\/a><br \/>\nhttp:\/\/windows.microsoft.com\/eses\/windows\/howtomanagecookiesininternetexplorer9.<\/li>\n<li><strong>b) Si utiliza Firefox<\/strong>, en la opci\u00f3n de men\u00fa <em><strong>Herramientas &gt; Opciones &gt; Privacidad &gt; Cookies<\/strong><\/em>.<br \/>\nPara saber m\u00e1s: <a href=\"http:\/\/support.mozilla.org\/es\/products\/firefox\/privacyandsecurity\">http:\/\/support.mozilla.org\/es\/products\/firefox\/privacyandsecurity<\/a><\/li>\n<li><strong>c) Si utiliza Chrome<\/strong>, en la secci\u00f3n de <em><strong>Opciones &gt; Opciones avanzadas &gt; Privacidad<\/strong><\/em>.<br \/>\nPara saber m\u00e1s: <a href=\"http:\/\/support.google.com\/chrome\/bin\/answer.py?hl=es&amp;answer=95647\">http:\/\/support.google.com\/chrome\/bin\/answer.py?hl=es&amp;answer=95647<\/a><\/li>\n<li><strong>d) Si utiliza Opera<\/strong>, en la opci\u00f3n de <em><strong>Seguridad y Privacidad<\/strong><\/em>, podr\u00e1 configurar el navegador.<br \/>\nPara saber m\u00e1s: <a href=\"http:\/\/www.opera.com\/help\/tutorials\/security\/cookies\/\">http:\/\/www.opera.com\/help\/tutorials\/security\/cookies\/<\/a><\/li>\n<\/ul>\n","protected":false},"excerpt":{"rendered":"<p>Esta Pol\u00edtica de cookies es parte integrante de las Condiciones generales y la Pol\u00edtica de privacidad. El acceso y la navegaci\u00f3n en el sitio, o el uso de los servicios del mismo, implican la aceptaci\u00f3n de las Condiciones generales (y por tanto de la Pol\u00edtica de privacidad y Pol\u00edtica de cookies). Por favor, l\u00e9alas atentamente.Agradecemos [&hellip;]<\/p>\n","protected":false},"author":1,"featured_media":0,"parent":0,"menu_order":0,"comment_status":"closed","ping_status":"closed","template":"legales.php","meta":{"_acf_changed":false,"footnotes":""},"class_list":["post-740","page","type-page","status-publish","hentry"],"acf":[],"yoast_head":"<!-- This site is optimized with the Yoast SEO plugin v27.4 - https:\/\/yoast.com\/product\/yoast-seo-wordpress\/ -->\n<title>Cookies Policy - Visibles<\/title>\n<meta name=\"robots\" content=\"noindex, follow\" \/>\n<meta property=\"og:locale\" content=\"en_US\" \/>\n<meta property=\"og:type\" content=\"article\" \/>\n<meta property=\"og:title\" content=\"Cookies Policy - Visibles\" \/>\n<meta property=\"og:description\" content=\"Esta Pol\u00edtica de cookies es parte integrante de las Condiciones generales y la Pol\u00edtica de privacidad. El acceso y la navegaci\u00f3n en el sitio, o el uso de los servicios del mismo, implican la aceptaci\u00f3n de las Condiciones generales (y por tanto de la Pol\u00edtica de privacidad y Pol\u00edtica de cookies). Por favor, l\u00e9alas atentamente.Agradecemos [&hellip;]\" \/>\n<meta property=\"og:url\" content=\"https:\/\/visibles.org\/en\/cookies-policy\/\" \/>\n<meta property=\"og:site_name\" content=\"Visibles\" \/>\n<meta property=\"article:modified_time\" content=\"2024-02-20T16:16:40+00:00\" \/>\n<meta name=\"twitter:card\" content=\"summary_large_image\" \/>\n<meta name=\"twitter:label1\" content=\"Est. reading time\" \/>\n\t<meta name=\"twitter:data1\" content=\"6 minutes\" \/>\n<script type=\"application\/ld+json\" class=\"yoast-schema-graph\">{\"@context\":\"https:\\\/\\\/schema.org\",\"@graph\":[{\"@type\":\"WebPage\",\"@id\":\"https:\\\/\\\/visibles.org\\\/en\\\/cookies-policy\\\/\",\"url\":\"https:\\\/\\\/visibles.org\\\/en\\\/cookies-policy\\\/\",\"name\":\"Cookies Policy - Visibles\",\"isPartOf\":{\"@id\":\"https:\\\/\\\/visibles.org\\\/en\\\/#website\"},\"datePublished\":\"2024-01-25T11:32:32+00:00\",\"dateModified\":\"2024-02-20T16:16:40+00:00\",\"breadcrumb\":{\"@id\":\"https:\\\/\\\/visibles.org\\\/en\\\/cookies-policy\\\/#breadcrumb\"},\"inLanguage\":\"en-US\",\"potentialAction\":[{\"@type\":\"ReadAction\",\"target\":[\"https:\\\/\\\/visibles.org\\\/en\\\/cookies-policy\\\/\"]}]},{\"@type\":\"BreadcrumbList\",\"@id\":\"https:\\\/\\\/visibles.org\\\/en\\\/cookies-policy\\\/#breadcrumb\",\"itemListElement\":[{\"@type\":\"ListItem\",\"position\":1,\"name\":\"Portada\",\"item\":\"https:\\\/\\\/visibles.org\\\/en\\\/\"},{\"@type\":\"ListItem\",\"position\":2,\"name\":\"Cookies Policy\"}]},{\"@type\":\"WebSite\",\"@id\":\"https:\\\/\\\/visibles.org\\\/en\\\/#website\",\"url\":\"https:\\\/\\\/visibles.org\\\/en\\\/\",\"name\":\"Visibles\",\"description\":\"Just another WordPress site\",\"potentialAction\":[{\"@type\":\"SearchAction\",\"target\":{\"@type\":\"EntryPoint\",\"urlTemplate\":\"https:\\\/\\\/visibles.org\\\/en\\\/?s={search_term_string}\"},\"query-input\":{\"@type\":\"PropertyValueSpecification\",\"valueRequired\":true,\"valueName\":\"search_term_string\"}}],\"inLanguage\":\"en-US\"}]}<\/script>\n<!-- \/ Yoast SEO plugin. -->","yoast_head_json":{"title":"Cookies Policy - Visibles","robots":{"index":"noindex","follow":"follow"},"og_locale":"en_US","og_type":"article","og_title":"Cookies Policy - Visibles","og_description":"Esta Pol\u00edtica de cookies es parte integrante de las Condiciones generales y la Pol\u00edtica de privacidad. El acceso y la navegaci\u00f3n en el sitio, o el uso de los servicios del mismo, implican la aceptaci\u00f3n de las Condiciones generales (y por tanto de la Pol\u00edtica de privacidad y Pol\u00edtica de cookies). Por favor, l\u00e9alas atentamente.Agradecemos [&hellip;]","og_url":"https:\/\/visibles.org\/en\/cookies-policy\/","og_site_name":"Visibles","article_modified_time":"2024-02-20T16:16:40+00:00","twitter_card":"summary_large_image","twitter_misc":{"Est. reading time":"6 minutes"},"schema":{"@context":"https:\/\/schema.org","@graph":[{"@type":"WebPage","@id":"https:\/\/visibles.org\/en\/cookies-policy\/","url":"https:\/\/visibles.org\/en\/cookies-policy\/","name":"Cookies Policy - Visibles","isPartOf":{"@id":"https:\/\/visibles.org\/en\/#website"},"datePublished":"2024-01-25T11:32:32+00:00","dateModified":"2024-02-20T16:16:40+00:00","breadcrumb":{"@id":"https:\/\/visibles.org\/en\/cookies-policy\/#breadcrumb"},"inLanguage":"en-US","potentialAction":[{"@type":"ReadAction","target":["https:\/\/visibles.org\/en\/cookies-policy\/"]}]},{"@type":"BreadcrumbList","@id":"https:\/\/visibles.org\/en\/cookies-policy\/#breadcrumb","itemListElement":[{"@type":"ListItem","position":1,"name":"Portada","item":"https:\/\/visibles.org\/en\/"},{"@type":"ListItem","position":2,"name":"Cookies Policy"}]},{"@type":"WebSite","@id":"https:\/\/visibles.org\/en\/#website","url":"https:\/\/visibles.org\/en\/","name":"Visibles","description":"Just another WordPress site","potentialAction":[{"@type":"SearchAction","target":{"@type":"EntryPoint","urlTemplate":"https:\/\/visibles.org\/en\/?s={search_term_string}"},"query-input":{"@type":"PropertyValueSpecification","valueRequired":true,"valueName":"search_term_string"}}],"inLanguage":"en-US"}]}},"_links":{"self":[{"href":"https:\/\/visibles.org\/en\/wp-json\/wp\/v2\/pages\/740","targetHints":{"allow":["GET"]}}],"collection":[{"href":"https:\/\/visibles.org\/en\/wp-json\/wp\/v2\/pages"}],"about":[{"href":"https:\/\/visibles.org\/en\/wp-json\/wp\/v2\/types\/page"}],"author":[{"embeddable":true,"href":"https:\/\/visibles.org\/en\/wp-json\/wp\/v2\/users\/1"}],"replies":[{"embeddable":true,"href":"https:\/\/visibles.org\/en\/wp-json\/wp\/v2\/comments?post=740"}],"version-history":[{"count":3,"href":"https:\/\/visibles.org\/en\/wp-json\/wp\/v2\/pages\/740\/revisions"}],"predecessor-version":[{"id":763,"href":"https:\/\/visibles.org\/en\/wp-json\/wp\/v2\/pages\/740\/revisions\/763"}],"wp:attachment":[{"href":"https:\/\/visibles.org\/en\/wp-json\/wp\/v2\/media?parent=740"}],"curies":[{"name":"wp","href":"https:\/\/api.w.org\/{rel}","templated":true}]}}