{"id":1017,"date":"2024-01-25T12:32:56","date_gmt":"2024-01-25T11:32:56","guid":{"rendered":"https:\/\/www.visibles.org\/privacidad-y-rgpd\/"},"modified":"2024-02-26T17:20:05","modified_gmt":"2024-02-26T16:20:05","slug":"privacitat-i-rgpd","status":"publish","type":"page","link":"https:\/\/visibles.org\/ca\/privacitat-i-rgpd\/","title":{"rendered":"Privacitat i RGPD"},"content":{"rendered":"<p>Esta Pol\u00edtica de Privacidad es parte integrante de las condiciones generales. El acceso y la navegaci\u00f3n en el sitio, o el uso de los servicios del mismo, implican la aceptaci\u00f3n de las condiciones generales (y por tanto de la pol\u00edtica de privacidad y pol\u00edtica de Cookies). Por favor, l\u00e9alas atentamente.<\/p>\n<p><strong>Visibles.org<\/strong> es una Comunidad on-line de incidencia y movilizaci\u00f3n social orientada a la participaci\u00f3n, di\u00e1logo y encuentro de organizaciones y personas preocupadas por la justicia social desde una opci\u00f3n creyente.<\/p>\n<p><strong>En esta Pol\u00edtica de Privacidad informamos sobre:<\/strong><\/p>\n<ul>\n<li>\u00bfQui\u00e9n es el responsable del tratamiento de sus datos?<\/li>\n<li>\u00bfCu\u00e1l es la legitimaci\u00f3n para el tratamiento de sus datos?<\/li>\n<li>\u00bfQui\u00e9n puede facilitarnos datos?<\/li>\n<li>\u00bfQu\u00e9 datos recopilamos?<\/li>\n<li>\u00bfC\u00f3mo se usa la informaci\u00f3n?<\/li>\n<li>Comunicaciones a trav\u00e9s de correo electr\u00f3nico<\/li>\n<li>\u00bfC\u00f3mo y d\u00f3nde se comparte la informaci\u00f3n?<\/li>\n<li>\u00bfDurante cu\u00e1nto tiempo vamos a mantener los datos personales?<\/li>\n<li>Seguridad de sus datos<\/li>\n<li>\u00bfQu\u00e9 derechos tiene?<\/li>\n<li>Responsable de Privacidad<\/li>\n<li>Cambios en la Pol\u00edtica de Privacidad<\/li>\n<\/ul>\n<h3>\u00bfQui\u00e9n es el responsable del tratamiento de sus datos?<\/h3>\n<p><strong>FUNDACI\u00d3N ENTRECULTURAS FE Y ALEGR\u00cdA<\/strong><br \/>\nCalle Maldonado, 1, A, planta 3<br \/>\n28006 Madrid (Espa\u00f1a)<br \/>\nCIF. G-82409020<br \/>\nContacto para modificaci\u00f3n de datos: <a href=\"mailto:datos@entreculturas.org\">datos@entreculturas.org<\/a><br \/>\nContacto DPO: <a href=\"mailto:rgpd@entreculturas.org\">rgpd@entreculturas.org<\/a><\/p>\n<p><strong>FUNDACI\u00d3N ALBOAN<\/strong><br \/>\nPadre Lojendio, 2, 2\u00aa<br \/>\n48008 Bilbao<br \/>\nCIF. G48-811376<br \/>\nContacto para modificaci\u00f3n de datos: <a href=\"mailto:info@alboan.org\">info@alboan.org<\/a><\/p>\n<h3>\u00bfCu\u00e1l es la legitimaci\u00f3n para el tratamiento de sus datos?<\/h3>\n<p>La base jur\u00eddica que legitima el tratamiento de sus datos var\u00eda en funci\u00f3n de la finalidad y la forma de obtenci\u00f3n de sus datos: en algunos casos ser\u00e1 la ejecuci\u00f3n de un acuerdo, mientras que en otros la obtenci\u00f3n de su consentimiento mediante la marcaci\u00f3n de una casilla habilitada a tal efecto, o a trav\u00e9s de otro mecanismo dispuesto que constituya en todo caso una acci\u00f3n afirmativa, el inter\u00e9s leg\u00edtimo de ENTRECULTURAS o ALBOAN como Responsables del tratamiento, o una obligaci\u00f3n legal.<\/p>\n<h3>\u00bfQui\u00e9n puede facilitarnos datos?<\/h3>\n<p>Al acceder a nuestra p\u00e1gina, manifiesta que todos los datos que nos facilite, bien sean obligatorios para prestar el servicio o informaci\u00f3n, o bien datos voluntarios cuando se desea colaborar con nosotros, realizar alg\u00fan comentario en nuestros blogs o participar en nuestras peticiones, son veraces y correctos; es decir, responden a su situaci\u00f3n real.<br \/>\nLos datos han de ser facilitados por el propio interesado, no obstante, en determinados casos podr\u00e1n facilitarse datos de terceros, siempre y cuando se garantice el haber informado al interesado y obtenido su consentimiento, no responsabiliz\u00e1ndose de esto la <strong>Fundaci\u00f3n Entreculturas Fe y Alegr\u00eda o Fundaci\u00f3n Alboan<\/strong> en ning\u00fan caso.<br \/>\nProporcionar estos datos supone que han sido suministrados voluntariamente y con consentimiento para que puedan ser tratados tanto inform\u00e1tica como de manera no automatizada y para finalidades determinadas y leg\u00edtimas que la <strong>Fundaci\u00f3n Entreculturas Fe y Alegr\u00eda o Fundaci\u00f3n Alboan<\/strong> describe a continuaci\u00f3n, no siendo utilizados para fines incompatibles, ni cedidos a terceros sin su consentimiento.<\/p>\n<h3>\u00bfQu\u00e9 datos recopilamos?<\/h3>\n<p>Al enviar una consulta de informaci\u00f3n, apuntarse a nuestra newsletters, participar en nuestras acciones, facilitar su apoyo a nuestras campa\u00f1as, ponerse en contacto con nosotros a trav\u00e9s de correo electr\u00f3nico, realizar comentarios en nuestros blogs o bien colaborar con nosotros (como socio y\/o como donante), podemos solicitarle que nos facilite una serie de datos e informaciones personales tal como su nombre, apellidos, direcci\u00f3n, email, tel\u00e9fono de contacto, etc. Para ser socio o donante de la Fundaci\u00f3n Entreculturas Fe y Alegr\u00eda o Fundaci\u00f3n Alboan, solicitaremos otras categor\u00edas de datos necesarias para establecer tal v\u00ednculo, como por ejemplo datos econ\u00f3micos.<br \/>\nLos datos que solicitamos, y que son objeto de tratamiento ser\u00e1n siempre adecuados, pertinentes y no excesivos a su solicitud de informaci\u00f3n, colaboraci\u00f3n y\/o participaci\u00f3n dentro de la Fundaci\u00f3n Entreculturas Fe y Alegr\u00eda y Fundaci\u00f3n Alboan.<\/p>\n<h3>\u00bfC\u00f3mo se usa la informaci\u00f3n?<\/h3>\n<p>La Fundaci\u00f3n Entreculturas Fe y Alegr\u00eda y Fundaci\u00f3n Alboan usar\u00e1n la informaci\u00f3n que nos proporciona para las finalidades requeridas en cada uno de los formularios de recogida de datos:<\/p>\n<ul>\n<li><strong>a)<\/strong> Respuesta a solicitudes de Informaci\u00f3n del usuario. En el caso que nos remita una solicitud de informaci\u00f3n, trataremos sus datos con la finalidad de recibir, gestionar, tramitar y dar respuesta a las consultas y solicitudes de informaci\u00f3n que nos env\u00ede a trav\u00e9s de los diversas formas de contacto, web o remitidas a nuestras sedes y delegaciones.<\/li>\n<li><strong>b)<\/strong> Suscripci\u00f3n a Bolet\u00edn de noticias o Newsletters. Trataremos sus datos de identificaci\u00f3n y correo electr\u00f3nico para enviarle nuestras noticias y newsletters. Podr\u00e1 darse de baja en cualquier momento.<\/li>\n<li><strong>c)<\/strong> Colaborar o participar en las acciones de petici\u00f3n organizadas por la <strong>Fundaci\u00f3n Entreculturas Fe y Alegr\u00eda y Fundaci\u00f3n Alboan<\/strong>. Los datos facilitados se tratar\u00e1n para remitirle informaci\u00f3n a trav\u00e9s de correo electr\u00f3nico y\/o postal de nuestras acciones o de acciones organizadas conjuntamente con terceros por parte de la Fundaci\u00f3n. Si las peticiones se presentan ante un Organismo nacional o supranacional, podr\u00e1n cederse los datos facilitados a la misma para la comprobaci\u00f3n y verificaci\u00f3n de las peticiones presentadas.<\/li>\n<li><strong>d)<\/strong> Participar e incorporar comentarios en nuestros blogs. Para participar en nuestros blogs y que su comentario pueda publicarse, trataremos los datos de usuario y correo electr\u00f3nico con la finalidad de identificar y gestionar la publicaci\u00f3n del mismo en nuestra web.<\/li>\n<li><strong>e)<\/strong> Colaborar activamente mediante una donaci\u00f3n o hacerse socio de la <strong>Fundaci\u00f3n Entreculturas Fe y Alegr\u00eda o Fundaci\u00f3n Alboan<\/strong>. En el caso que acceda a nuestro formulario para la donaci\u00f3n y cumplimente sus datos. La informaci\u00f3n facilitada se tratar\u00e1 con la finalidad de la gesti\u00f3n econ\u00f3mica, contable, fiscal, administrativa de asociados y donantes de la <strong>Fundaci\u00f3n Entreculturas Fe y Alegr\u00eda o Fundaci\u00f3n Alboan<\/strong>.<\/li>\n<li><strong>f)<\/strong> Otras actividades organizadas por la <strong>Fundaci\u00f3n Entreculturas Fe y Alegr\u00eda o Fundaci\u00f3n Alboan<\/strong>. Se podr\u00e1 colaborar y participar en acciones organizadas y\/o promovidas por la Fundaci\u00f3n, facilitando los datos que sean solicitados en los formularios correspondientes y para las finalidades expresamente indicadas en los mismos.<\/li>\n<\/ul>\n<h3>Comunicaciones a trav\u00e9s de correo electr\u00f3nico<\/h3>\n<p>Al enviarnos una consulta o solicitud de informaci\u00f3n a trav\u00e9s del correo electr\u00f3nico de contacto, nos est\u00e1 proporcionando el consentimiento, consciente y expreso para el tratamiento de los datos facilitados a la <strong>Fundaci\u00f3n Entreculturas Fe y Alegr\u00eda o Fundaci\u00f3n Alboan<\/strong> con la finalidad de dar respuesta a la consulta o solicitud planteada; sin embargo, no enviaremos comunicaciones comerciales a no ser que nos haya proporcionado el consentimiento expreso para ello.<br \/>\nEn nuestros correos electr\u00f3nicos encontrar\u00e1 informaci\u00f3n para revocar el consentimiento o darse de baja de cualquier comunicaci\u00f3n de la <strong>Fundaci\u00f3n Entreculturas Fe y Alegr\u00eda o Fundaci\u00f3n Alboan<\/strong>.<\/p>\n<h3>\u00bfC\u00f3mo y d\u00f3nde se comparte la informaci\u00f3n?<\/h3>\n<p>La <strong>Fundaci\u00f3n Entreculturas Fe y Alegr\u00eda y Fundaci\u00f3n Alboan<\/strong> informan, de manera expresa, que en los supuestos en los que colabore o participe en determinadas acciones (Carrera solidaria, Concierto solidario, Peticiones a Naciones Unidas, Socios y Donaciones, etc.), procederemos a ceder sus datos a los organismos y administraciones, bancos y otras entidades colaboradoras de acuerdo con la normativa legal vigente y, para la gesti\u00f3n corporativa de la informaci\u00f3n.<\/p>\n<h3>\u00bfDurante cu\u00e1nto tiempo vamos a mantener los datos personales?<\/h3>\n<p>Los datos personales ser\u00e1n mantenidos mientras siga vinculado con nosotros.<br \/>\nUna vez se desvincule, los datos personales tratados en cada finalidad se mantendr\u00e1n durante los plazos legalmente previstos, incluido el plazo en el que un juez o tribunal los pueda requerir atendiendo al plazo de prescripci\u00f3n de acciones judiciales.<\/p>\n<h3>Seguridad de los datos proporcionados<\/h3>\n<p>La <strong>Fundaci\u00f3n Entreculturas Fe y Alegr\u00eda y Fundaci\u00f3n Alboan<\/strong> dan gran importancia a la seguridad de toda la informaci\u00f3n y a los datos de car\u00e1cter personal que tratamos. Desafortunadamente, la transmisi\u00f3n de informaci\u00f3n a trav\u00e9s de Internet no es completamente segura; por ello, hacemos esfuerzos y destinamos recursos a mejorar cada d\u00eda nuestra p\u00e1gina y que las funcionalidades que se ponen a su disposici\u00f3n sean m\u00e1s seguras (La funcionalidad https se ha implementado en los formularios de socios y donaciones, con la finalidad de proteger los datos econ\u00f3mico-financieros con herramientas de cifrado SSL).<\/p>\n<p>Una vez que hayamos recibido su informaci\u00f3n, se implementan medidas de seguridad para garantizar la confidencialidad, integridad y evitar cualquier p\u00e9rdida, mal uso y\/o alteraci\u00f3n de los datos que est\u00e1n bajo nuestro control. Nuestras pol\u00edticas de seguridad y privacidad son revisadas peri\u00f3dicamente y mejoradas seg\u00fan sea necesario y s\u00f3lo el personal autorizado tiene acceso a la informaci\u00f3n del usuario.<\/p>\n<h3>\u00bfQu\u00e9 derechos tiene?<\/h3>\n<ul>\n<li>A saber si estamos tratando sus datos o no.<\/li>\n<li>A acceder a sus datos personales.<\/li>\n<li>A solicitar la rectificaci\u00f3n de sus datos si son inexactos.<\/li>\n<li>A solicitar la supresi\u00f3n de sus datos si ya no son necesarios para los fines para los que fueron recogidos o si nos retira el consentimiento otorgado.<\/li>\n<li>A solicitar la limitaci\u00f3n del tratamiento de sus datos, en algunos supuestos, en cuyo caso s\u00f3lo los conservaremos de acuerdo con la normativa vigente.<\/li>\n<li>A remitirle los datos que sobre usted se guardan en Fundaci\u00f3n Entreculturas Fe y Alegr\u00eda Fundaci\u00f3n Alboan y que le ser\u00e1n facilitados en un formato estructurado, de uso com\u00fan o lectura mec\u00e1nica. Si lo prefiere, se los podemos enviar al nuevo responsable que nos designe. (S\u00f3lo es v\u00e1lido en determinados supuestos).<\/li>\n<li>A presentar una reclamaci\u00f3n ante la Agencia Espa\u00f1ola de Protecci\u00f3n de Datos o autoridad de control competente, si cree que no le hemos atendido correctamente.<\/li>\n<li>A revocar el consentimiento para cualquier tratamiento para el que haya consentido, en cualquier momento.<\/li>\n<\/ul>\n<p>Si modifica alg\u00fan dato, le agradecemos que nos lo comunique para mantenerlo actualizado.<\/p>\n<p>Esta web puede contener enlaces hacia y desde otras p\u00e1ginas web, bien de nuestros patrocinadores, socios, empresas asociadas o empresas colaboradoras, entre otros. Si se accede a estas p\u00e1ginas, se debe tener en cuenta que en las mismas pueden volver a solicitar datos o informaciones personales. Por ello, rogamos que cuando se visiten esas p\u00e1ginas, se revise tambi\u00e9n su pol\u00edtica de privacidad.<\/p>\n<h3>Responsable de Privacidad<\/h3>\n<p>En cualquier momento se pueden solicitar, de manera totalmente gratuita, bien por carta o a trav\u00e9s de correo electr\u00f3nico, el ejercicio de sus derechos, debiendo incorporar a su solicitud fotocopia de su DNI\/NIE\/Pasaporte, puesto que se trata de un derecho personal\u00edsimo.<\/p>\n<p>Las solicitudes deber\u00e1n remitirse al responsable de privacidad en la siguiente direcci\u00f3n:<\/p>\n<p><strong>FUNDACI\u00d3N ENTRECULTURAS FE Y ALEGR\u00cdA<\/strong><br \/>\nAtt. Responsable Privacidad<br \/>\nCalle Maldonado, 1 &#8211; planta 3<br \/>\n28006 Madrid (Espa\u00f1a)<br \/>\nEmail: <a href=\"mailto:datos@entreculturas.org\">datos@entreculturas.org<\/a><br \/>\nAdem\u00e1s, si tiene alguna cuesti\u00f3n adicional relacionada con Protecci\u00f3n de datos, puede dirigirse a nuestro Delegado de Protecci\u00f3n de datos en <a href=\"mailto:rgpd@entreculturas.org\">rgpd@entreculturas.org<\/a>.<\/p>\n<p><strong>FUNDACI\u00d3N ALBOAN<\/strong><br \/>\nCalle Padre Lojendio, 2. 2\u00aa.<br \/>\n48008 \u2013 Bilbao (Espa\u00f1a)<br \/>\nCIF. G-48811376<br \/>\nContacto para modificaci\u00f3n de datos: <a href=\"mailto:info@alboan.org\">info@alboan.org<\/a><\/p>\n<h3>Cambios en la Pol\u00edtica de Privacidad<\/h3>\n<p>La <strong>Fundaci\u00f3n Entreculturas Fe y Alegr\u00eda y Fundaci\u00f3n Alboan<\/strong> pueden modificar o adaptar su Pol\u00edtica de Privacidad y Tratamiento de datos de Car\u00e1cter Personal. Recomendamos que se visite cada vez que navegue por el sitio con el fin de estar siempre informado con car\u00e1cter previo a cualquier dato que nos pueda facilitar.<\/p>\n","protected":false},"excerpt":{"rendered":"<p>Esta Pol\u00edtica de Privacidad es parte integrante de las condiciones generales. El acceso y la navegaci\u00f3n en el sitio, o el uso de los servicios del mismo, implican la aceptaci\u00f3n de las condiciones generales (y por tanto de la pol\u00edtica de privacidad y pol\u00edtica de Cookies). Por favor, l\u00e9alas atentamente. Visibles.org es una Comunidad on-line [&hellip;]<\/p>\n","protected":false},"author":1,"featured_media":0,"parent":0,"menu_order":0,"comment_status":"closed","ping_status":"closed","template":"legales.php","meta":{"_acf_changed":false,"footnotes":""},"class_list":["post-1017","page","type-page","status-publish","hentry"],"acf":[],"yoast_head":"<!-- This site is optimized with the Yoast SEO plugin v27.4 - https:\/\/yoast.com\/product\/yoast-seo-wordpress\/ -->\n<title>Privacitat i RGPD - Visibles<\/title>\n<meta name=\"robots\" content=\"noindex, follow\" \/>\n<meta property=\"og:locale\" content=\"ca_ES\" \/>\n<meta property=\"og:type\" content=\"article\" \/>\n<meta property=\"og:title\" content=\"Privacitat i RGPD - Visibles\" \/>\n<meta property=\"og:description\" content=\"Esta Pol\u00edtica de Privacidad es parte integrante de las condiciones generales. El acceso y la navegaci\u00f3n en el sitio, o el uso de los servicios del mismo, implican la aceptaci\u00f3n de las condiciones generales (y por tanto de la pol\u00edtica de privacidad y pol\u00edtica de Cookies). Por favor, l\u00e9alas atentamente. Visibles.org es una Comunidad on-line [&hellip;]\" \/>\n<meta property=\"og:url\" content=\"https:\/\/visibles.org\/ca\/privacitat-i-rgpd\/\" \/>\n<meta property=\"og:site_name\" content=\"Visibles\" \/>\n<meta property=\"article:modified_time\" content=\"2024-02-26T16:20:05+00:00\" \/>\n<meta name=\"twitter:card\" content=\"summary_large_image\" \/>\n<meta name=\"twitter:label1\" content=\"Temps estimat de lectura\" \/>\n\t<meta name=\"twitter:data1\" content=\"9 minuts\" \/>\n<script type=\"application\/ld+json\" class=\"yoast-schema-graph\">{\"@context\":\"https:\\\/\\\/schema.org\",\"@graph\":[{\"@type\":\"WebPage\",\"@id\":\"https:\\\/\\\/visibles.org\\\/ca\\\/privacitat-i-rgpd\\\/\",\"url\":\"https:\\\/\\\/visibles.org\\\/ca\\\/privacitat-i-rgpd\\\/\",\"name\":\"Privacitat i RGPD - Visibles\",\"isPartOf\":{\"@id\":\"https:\\\/\\\/visibles.org\\\/ca\\\/#website\"},\"datePublished\":\"2024-01-25T11:32:56+00:00\",\"dateModified\":\"2024-02-26T16:20:05+00:00\",\"breadcrumb\":{\"@id\":\"https:\\\/\\\/visibles.org\\\/ca\\\/privacitat-i-rgpd\\\/#breadcrumb\"},\"inLanguage\":\"ca\",\"potentialAction\":[{\"@type\":\"ReadAction\",\"target\":[\"https:\\\/\\\/visibles.org\\\/ca\\\/privacitat-i-rgpd\\\/\"]}]},{\"@type\":\"BreadcrumbList\",\"@id\":\"https:\\\/\\\/visibles.org\\\/ca\\\/privacitat-i-rgpd\\\/#breadcrumb\",\"itemListElement\":[{\"@type\":\"ListItem\",\"position\":1,\"name\":\"Portada\",\"item\":\"https:\\\/\\\/visibles.org\\\/ca\\\/\"},{\"@type\":\"ListItem\",\"position\":2,\"name\":\"Privacitat i RGPD\"}]},{\"@type\":\"WebSite\",\"@id\":\"https:\\\/\\\/visibles.org\\\/ca\\\/#website\",\"url\":\"https:\\\/\\\/visibles.org\\\/ca\\\/\",\"name\":\"Visibles\",\"description\":\"Just another WordPress site\",\"potentialAction\":[{\"@type\":\"SearchAction\",\"target\":{\"@type\":\"EntryPoint\",\"urlTemplate\":\"https:\\\/\\\/visibles.org\\\/ca\\\/?s={search_term_string}\"},\"query-input\":{\"@type\":\"PropertyValueSpecification\",\"valueRequired\":true,\"valueName\":\"search_term_string\"}}],\"inLanguage\":\"ca\"}]}<\/script>\n<!-- \/ Yoast SEO plugin. -->","yoast_head_json":{"title":"Privacitat i RGPD - Visibles","robots":{"index":"noindex","follow":"follow"},"og_locale":"ca_ES","og_type":"article","og_title":"Privacitat i RGPD - Visibles","og_description":"Esta Pol\u00edtica de Privacidad es parte integrante de las condiciones generales. El acceso y la navegaci\u00f3n en el sitio, o el uso de los servicios del mismo, implican la aceptaci\u00f3n de las condiciones generales (y por tanto de la pol\u00edtica de privacidad y pol\u00edtica de Cookies). Por favor, l\u00e9alas atentamente. Visibles.org es una Comunidad on-line [&hellip;]","og_url":"https:\/\/visibles.org\/ca\/privacitat-i-rgpd\/","og_site_name":"Visibles","article_modified_time":"2024-02-26T16:20:05+00:00","twitter_card":"summary_large_image","twitter_misc":{"Temps estimat de lectura":"9 minuts"},"schema":{"@context":"https:\/\/schema.org","@graph":[{"@type":"WebPage","@id":"https:\/\/visibles.org\/ca\/privacitat-i-rgpd\/","url":"https:\/\/visibles.org\/ca\/privacitat-i-rgpd\/","name":"Privacitat i RGPD - Visibles","isPartOf":{"@id":"https:\/\/visibles.org\/ca\/#website"},"datePublished":"2024-01-25T11:32:56+00:00","dateModified":"2024-02-26T16:20:05+00:00","breadcrumb":{"@id":"https:\/\/visibles.org\/ca\/privacitat-i-rgpd\/#breadcrumb"},"inLanguage":"ca","potentialAction":[{"@type":"ReadAction","target":["https:\/\/visibles.org\/ca\/privacitat-i-rgpd\/"]}]},{"@type":"BreadcrumbList","@id":"https:\/\/visibles.org\/ca\/privacitat-i-rgpd\/#breadcrumb","itemListElement":[{"@type":"ListItem","position":1,"name":"Portada","item":"https:\/\/visibles.org\/ca\/"},{"@type":"ListItem","position":2,"name":"Privacitat i RGPD"}]},{"@type":"WebSite","@id":"https:\/\/visibles.org\/ca\/#website","url":"https:\/\/visibles.org\/ca\/","name":"Visibles","description":"Just another WordPress site","potentialAction":[{"@type":"SearchAction","target":{"@type":"EntryPoint","urlTemplate":"https:\/\/visibles.org\/ca\/?s={search_term_string}"},"query-input":{"@type":"PropertyValueSpecification","valueRequired":true,"valueName":"search_term_string"}}],"inLanguage":"ca"}]}},"_links":{"self":[{"href":"https:\/\/visibles.org\/ca\/wp-json\/wp\/v2\/pages\/1017","targetHints":{"allow":["GET"]}}],"collection":[{"href":"https:\/\/visibles.org\/ca\/wp-json\/wp\/v2\/pages"}],"about":[{"href":"https:\/\/visibles.org\/ca\/wp-json\/wp\/v2\/types\/page"}],"author":[{"embeddable":true,"href":"https:\/\/visibles.org\/ca\/wp-json\/wp\/v2\/users\/1"}],"replies":[{"embeddable":true,"href":"https:\/\/visibles.org\/ca\/wp-json\/wp\/v2\/comments?post=1017"}],"version-history":[{"count":1,"href":"https:\/\/visibles.org\/ca\/wp-json\/wp\/v2\/pages\/1017\/revisions"}],"predecessor-version":[{"id":1026,"href":"https:\/\/visibles.org\/ca\/wp-json\/wp\/v2\/pages\/1017\/revisions\/1026"}],"wp:attachment":[{"href":"https:\/\/visibles.org\/ca\/wp-json\/wp\/v2\/media?parent=1017"}],"curies":[{"name":"wp","href":"https:\/\/api.w.org\/{rel}","templated":true}]}}