{"id":1012,"date":"2024-01-24T16:43:17","date_gmt":"2024-01-24T15:43:17","guid":{"rendered":"https:\/\/www.visibles.org\/actua\/"},"modified":"2024-03-14T11:33:35","modified_gmt":"2024-03-14T10:33:35","slug":"actua","status":"publish","type":"page","link":"https:\/\/visibles.org\/ca\/actua\/","title":{"rendered":"Actua"},"content":{"rendered":"<div class=\"wpgb-facet wpgb-loading wpgb-facet-4\" data-facet=\"4\" data-grid=\"1\">\t<fieldset>\n\t\t<legend class=\"wpgb-facet-title wpgb-sr-only\">Categorias de causas-cat<\/legend>\n\t\t<div class=\"wpgb-button-facet\"><ul class=\"wpgb-inline-list\"><li><div class=\"wpgb-button\" role=\"button\" aria-pressed=\"true\" tabindex=\"0\"><input type=\"hidden\" name=\"categorias_de_causas_cat\" value=\"\"><span class=\"wpgb-button-label\">TOTES LES CAUSES<\/span><\/div><\/li><li><div class=\"wpgb-button\" role=\"button\" aria-pressed=\"false\" tabindex=\"0\"><input type=\"hidden\" name=\"categorias_de_causas_cat\" value=\"migracio-i-refugi\"><span class=\"wpgb-button-label\">Migraci\u00f3 i refugi<\/span><\/div><\/li><li><div class=\"wpgb-button\" role=\"button\" aria-pressed=\"false\" tabindex=\"0\"><input type=\"hidden\" name=\"categorias_de_causas_cat\" value=\"educacio\"><span class=\"wpgb-button-label\">Educaci\u00f3<\/span><\/div><\/li><li><div class=\"wpgb-button\" role=\"button\" aria-pressed=\"false\" tabindex=\"0\"><input type=\"hidden\" name=\"categorias_de_causas_cat\" value=\"equitat-de-genere\"><span class=\"wpgb-button-label\">Equitat de g\u00e8nere<\/span><\/div><\/li><li><div class=\"wpgb-button\" role=\"button\" aria-pressed=\"false\" tabindex=\"0\"><input type=\"hidden\" name=\"categorias_de_causas_cat\" value=\"participacio-i-ciutadania-global\"><span class=\"wpgb-button-label\">Participaci\u00f3 i ciutadania global<\/span><\/div><\/li><\/ul><\/div>\t<\/fieldset>\n\t<\/div>\n<!-- Gridbuilder \u1d42\u1d3e Plugin (https:\/\/wpgridbuilder.com) -->\n<div class=\"wp-grid-builder wpgb-grid-1 listadocausas frmaster-cause-grid2\" data-options=\"{&quot;id&quot;:1,&quot;type&quot;:&quot;masonry&quot;,&quot;source&quot;:&quot;post_type&quot;,&quot;loader&quot;:1,&quot;layout&quot;:&quot;vertical&quot;,&quot;reveal&quot;:1,&quot;isMainQuery&quot;:0,&quot;lazyLoad&quot;:1,&quot;cardSizes&quot;:{&quot;9999&quot;:{&quot;columns&quot;:3,&quot;height&quot;:240,&quot;gutter&quot;:28,&quot;ratio&quot;:&quot;1.33333&quot;},&quot;1200&quot;:{&quot;columns&quot;:2,&quot;height&quot;:240,&quot;gutter&quot;:28,&quot;ratio&quot;:&quot;1.33333&quot;},&quot;992&quot;:{&quot;columns&quot;:2,&quot;height&quot;:220,&quot;gutter&quot;:28,&quot;ratio&quot;:&quot;1.33333&quot;},&quot;768&quot;:{&quot;columns&quot;:1,&quot;height&quot;:220,&quot;gutter&quot;:28,&quot;ratio&quot;:&quot;1.33333&quot;},&quot;576&quot;:{&quot;columns&quot;:1,&quot;height&quot;:200,&quot;gutter&quot;:28,&quot;ratio&quot;:&quot;1.33333&quot;},&quot;320&quot;:{&quot;columns&quot;:1,&quot;height&quot;:200,&quot;gutter&quot;:28,&quot;ratio&quot;:&quot;1.33333&quot;}},&quot;fitRows&quot;:0,&quot;equalRows&quot;:0,&quot;equalColumns&quot;:0,&quot;fillLastRow&quot;:0,&quot;centerLastRow&quot;:0,&quot;horizontalOrder&quot;:0,&quot;fullWidth&quot;:0,&quot;transitionDelay&quot;:100,&quot;gallerySlideshow&quot;:0,&quot;rowsNumber&quot;:1,&quot;slideAlign&quot;:&quot;left&quot;,&quot;groupCells&quot;:1,&quot;draggable&quot;:1,&quot;initialIndex&quot;:0,&quot;contain&quot;:0,&quot;freeScroll&quot;:0,&quot;freeFriction&quot;:&quot;0.075&quot;,&quot;friction&quot;:&quot;0.285&quot;,&quot;attraction&quot;:&quot;0.025&quot;,&quot;autoPlay&quot;:0,&quot;pageDotAriaLabel&quot;:&quot;Page dot %d&quot;,&quot;isPreview&quot;:false,&quot;isGutenberg&quot;:false,&quot;rightToLeft&quot;:false}\"><div class=\"wpgb-svg-icons\" hidden>\n\t<svg viewBox=\"0 0 120 24\" width=\"0\" height=\"0\">\n\t<defs>\n        <polygon id=\"wpgb-star-svg\" points=\"12 2.5 15.1 8.8 22 9.8 17 14.6 18.2 21.5 12 18.3 5.8 21.5 7 14.6 2 9.8 8.9 8.8\"><\/polygon>\n    <\/defs>\n    <symbol id=\"wpgb-rating-stars-svg\">\n        <use xlink:href=\"#wpgb-star-svg\"><\/use>\n        <use xlink:href=\"#wpgb-star-svg\" x=\"24\"><\/use>\n        <use xlink:href=\"#wpgb-star-svg\" x=\"48\"><\/use>\n        <use xlink:href=\"#wpgb-star-svg\" x=\"72\"><\/use>\n        <use xlink:href=\"#wpgb-star-svg\" x=\"96\"><\/use>\n    <\/symbol>\n<\/svg>\n<\/div>\n<div class=\"wpgb-wrapper\">\n\t<div class=\"wpgb-main\">\n\t<div class=\"wpgb-layout\">\n\t<div class=\"wpgb-viewport\">\n\t\t<div class=\"wpgb-masonry\">\n\t\t\t<article class=\"wpgb-card wpgb-card-21 wpgb-post-1346 wpgb-card-hidden\" data-col=\"1\" data-row=\"1\" data-format=\"standard\"><div class=\"wpgb-card-wrapper\"><div class=\"wpgb-card-inner\"><div class=\"wpgb-card-media wpgb-scheme-light\" data-action><svg data-ratio style=\"padding-top:100%\" viewBox=\"0 0 768 768\"><\/svg><div class=\"wpgb-card-media-thumbnail\"><a href=\"https:\/\/visibles.org\/wp-content\/uploads\/2024\/02\/cabecera-causa_mobile_v2.jpg\" tabindex=\"-1\" class=\"wpgb-handle-lb wpgb-lightbox\" data-type=\"image\" data-rel=\"1\" data-title=\"cabecera-causa_mobile_v2\" title=\"Enlarge photo\"><div class=\"wpgb-lazy-load wpgb-lazy-spinner\" data-wpgb-thumb=\"\" data-wpgb-src=\"https:\/\/visibles.org\/wp-content\/uploads\/2024\/02\/cabecera-causa_mobile_v2-768x768.jpg\"><\/div><noscript><img loading=\"lazy\" decoding=\"async\" class=\"wpgb-noscript-img\" src=\"https:\/\/visibles.org\/wp-content\/uploads\/2024\/02\/cabecera-causa_mobile_v2-768x768.jpg\" alt=\"\" height=\"768\" width=\"768\"><\/noscript><\/a><\/div><div class=\"wpgb-card-media-overlay\"><\/div><a class=\"wpgb-card-layer-link\" href=\"https:\/\/visibles.org\/ca\/actua\/solidaritat-amb-siria-mereix-el-teu-si\/\"><\/a><\/div><div class=\"wpgb-card-content wpgb-scheme-dark\"><div class=\"wpgb-card-body\"><h3 class=\"wpgb-block-3 wpgb-idle-scheme-1\"><a target=\"_self\" href=\"https:\/\/visibles.org\/ca\/actua\/solidaritat-amb-siria-mereix-el-teu-si\/\">Solidaritat amb S\u00edria, mereix el teu S\u00ed<\/a><\/h3><div class=\"wpgb-block-8 frmaster-cause-donated-bar-wrap\"><div class=\"recuento\">\t\t\t\t\t\t\n\t\t\t\t\t\t<p class=\"participantes\">Signatures aconseguides: 1874<\/p>\t\t\t\t\t\t\n\t\t\t\t\t\t<p class=\"objetivo\">Objectiu: 3000<\/p>\n\t\t\t\t\t<\/div><div class=\"barra\" id=\"1346-62.466666666667\">\n\t\t\t\t\t\t\n\t\t\t\t\t\t<div class=\"barraBottom\">\n\t\t\t\t\t\t\t<div class=\"barraTop  barraTop1346\"><\/div>\n\t\t\t\t\t\t<\/div>\n\t\t\t\t\t<\/div>\n    <\/div><p class=\"wpgb-block-6\">Entrecultures, ALBOAN i JRS, la seva organitzaci\u00f3 aliada al L\u00edban, volem respondre a la recrudesc\u00e8ncia de la viol\u00e8ncia a S\u00edria i\u00a0mobilitzar l&#8217;opini\u00f3 p\u00fablica\u00a0per protegir el dret a l&#8217;educaci\u00f3 i als nens i nenes que estan...<\/p><div class=\"wpgb-block-2\"><a class=\"wpgb-block-7 gdlr-core-button botonlistado\" href=\"https:\/\/visibles.org\/ca\/actua\/solidaritat-amb-siria-mereix-el-teu-si\/\">Signa!<\/a><\/div><\/div><\/div><\/div><\/div><\/article><article class=\"wpgb-card wpgb-card-21 wpgb-post-1357 wpgb-card-hidden\" data-col=\"1\" data-row=\"1\" data-format=\"standard\"><div class=\"wpgb-card-wrapper\"><div class=\"wpgb-card-inner\"><div class=\"wpgb-card-media wpgb-scheme-light\" data-action><svg data-ratio style=\"padding-top:100%\" viewBox=\"0 0 768 768\"><\/svg><div class=\"wpgb-card-media-thumbnail\"><a href=\"https:\/\/visibles.org\/wp-content\/uploads\/2024\/02\/17.jpg\" tabindex=\"-1\" class=\"wpgb-handle-lb wpgb-lightbox\" data-type=\"image\" data-rel=\"1\" data-title=\"17\" title=\"Enlarge photo\"><div class=\"wpgb-lazy-load wpgb-lazy-spinner\" data-wpgb-thumb=\"\" data-wpgb-src=\"https:\/\/visibles.org\/wp-content\/uploads\/2024\/02\/17-768x768.jpg\"><\/div><noscript><img loading=\"lazy\" decoding=\"async\" class=\"wpgb-noscript-img\" src=\"https:\/\/visibles.org\/wp-content\/uploads\/2024\/02\/17-768x768.jpg\" alt=\"\" height=\"768\" width=\"768\"><\/noscript><\/a><\/div><div class=\"wpgb-card-media-overlay\"><\/div><a class=\"wpgb-card-layer-link\" href=\"https:\/\/visibles.org\/ca\/actua\/sumat-a-el-pacte-per-lhospitalitat-i-la-inclusio-suma-el-teu-cami\/\"><\/a><\/div><div class=\"wpgb-card-content wpgb-scheme-dark\"><div class=\"wpgb-card-body\"><h3 class=\"wpgb-block-3 wpgb-idle-scheme-1\"><a target=\"_self\" href=\"https:\/\/visibles.org\/ca\/actua\/sumat-a-el-pacte-per-lhospitalitat-i-la-inclusio-suma-el-teu-cami\/\">Suma&#8217;t a el Pacte per l&#8217;Hospitalitat i la Inclusi\u00f3. Suma el teu cam\u00ed<\/a><\/h3><div class=\"wpgb-block-8 frmaster-cause-donated-bar-wrap\"><div class=\"recuento\">\t\t\t\t\t\t\n\t\t\t\t\t\t<p class=\"participantes\">Signatures aconseguides: 181<\/p>\t\t\t\t\t\t\n\t\t\t\t\t\t<p class=\"objetivo\">Objectiu: 200<\/p>\n\t\t\t\t\t<\/div><div class=\"barra\" id=\"1357-90.5\">\n\t\t\t\t\t\t\n\t\t\t\t\t\t<div class=\"barraBottom\">\n\t\t\t\t\t\t\t<div class=\"barraTop  barraTop1357\"><\/div>\n\t\t\t\t\t\t<\/div>\n\t\t\t\t\t<\/div>\n    <\/div><p class=\"wpgb-block-6\">&#8220;El passat, present i futur de les nostres vides nom\u00e9s s&#8217;ent\u00e9n si contemplem la mobilitat humana com un eix fonamental de la humanitat. Parlar de migraci\u00f3 \u00e9s parlar de la nostra pr\u00f2pia hist\u00f2ria i del...<\/p><div class=\"wpgb-block-2\"><a class=\"wpgb-block-7 gdlr-core-button botonlistado\" href=\"https:\/\/visibles.org\/ca\/actua\/sumat-a-el-pacte-per-lhospitalitat-i-la-inclusio-suma-el-teu-cami\/\">Signa!<\/a><\/div><\/div><\/div><\/div><\/div><\/article><article class=\"wpgb-card wpgb-card-21 wpgb-post-1345 wpgb-card-hidden\" data-col=\"1\" data-row=\"1\" data-format=\"standard\"><div class=\"wpgb-card-wrapper\"><div class=\"wpgb-card-inner\"><div class=\"wpgb-card-media wpgb-scheme-light\" data-action><svg data-ratio style=\"padding-top:100%\" viewBox=\"0 0 768 768\"><\/svg><div class=\"wpgb-card-media-thumbnail\"><a href=\"https:\/\/visibles.org\/wp-content\/uploads\/2024\/02\/15.jpg\" tabindex=\"-1\" class=\"wpgb-handle-lb wpgb-lightbox\" data-type=\"image\" data-rel=\"1\" data-title=\"15\" title=\"Enlarge photo\"><div class=\"wpgb-lazy-load wpgb-lazy-spinner\" data-wpgb-thumb=\"\" data-wpgb-src=\"https:\/\/visibles.org\/wp-content\/uploads\/2024\/02\/15-768x768.jpg\"><\/div><noscript><img loading=\"lazy\" decoding=\"async\" class=\"wpgb-noscript-img\" src=\"https:\/\/visibles.org\/wp-content\/uploads\/2024\/02\/15-768x768.jpg\" alt=\"\" height=\"768\" width=\"768\"><\/noscript><\/a><\/div><div class=\"wpgb-card-media-overlay\"><\/div><a class=\"wpgb-card-layer-link\" href=\"https:\/\/visibles.org\/ca\/actua\/solidaritat-amb-les-persones-temporeres\/\"><\/a><\/div><div class=\"wpgb-card-content wpgb-scheme-dark\"><div class=\"wpgb-card-body\"><h3 class=\"wpgb-block-3 wpgb-idle-scheme-1\"><a target=\"_self\" href=\"https:\/\/visibles.org\/ca\/actua\/solidaritat-amb-les-persones-temporeres\/\">Solidaritat amb les persones temporeres<\/a><\/h3><div class=\"wpgb-block-8 frmaster-cause-donated-bar-wrap\"><div class=\"recuento\">\t\t\t\t\t\t\n\t\t\t\t\t\t<p class=\"participantes\">Signatures aconseguides: 569<\/p>\t\t\t\t\t\t\n\t\t\t\t\t\t<p class=\"objetivo\">Objectiu: 700<\/p>\n\t\t\t\t\t<\/div><div class=\"barra\" id=\"1345-81.285714285714\">\n\t\t\t\t\t\t\n\t\t\t\t\t\t<div class=\"barraBottom\">\n\t\t\t\t\t\t\t<div class=\"barraTop  barraTop1345\"><\/div>\n\t\t\t\t\t\t<\/div>\n\t\t\t\t\t<\/div>\n    <\/div><p class=\"wpgb-block-6\">Un any m\u00e9s seguim reivindicant l&#8217;acolliment digne i l&#8217;hospitalitat. Es repeteix la hist\u00f2ria a Lleida. Arriben un gran nombre de persones, la majoria migrants, a la recerca de feina a la fruita i molts d&#8217;ells...<\/p><div class=\"wpgb-block-2\"><a class=\"wpgb-block-7 gdlr-core-button botonlistado\" href=\"https:\/\/visibles.org\/ca\/actua\/solidaritat-amb-les-persones-temporeres\/\">Signa!<\/a><\/div><\/div><\/div><\/div><\/div><\/article><article class=\"wpgb-card wpgb-card-21 wpgb-post-1347 wpgb-card-hidden\" data-col=\"1\" data-row=\"1\" data-format=\"standard\"><div class=\"wpgb-card-wrapper\"><div class=\"wpgb-card-inner\"><div class=\"wpgb-card-media wpgb-scheme-light\" data-action><svg data-ratio style=\"padding-top:100%\" viewBox=\"0 0 768 768\"><\/svg><div class=\"wpgb-card-media-thumbnail\"><a href=\"https:\/\/visibles.org\/wp-content\/uploads\/2024\/02\/cabecera-causa_mobile_internet.jpg\" tabindex=\"-1\" class=\"wpgb-handle-lb wpgb-lightbox\" data-type=\"image\" data-rel=\"1\" data-title=\"cabecera-causa_mobile_internet\" title=\"Enlarge photo\"><div class=\"wpgb-lazy-load wpgb-lazy-spinner\" data-wpgb-thumb=\"\" data-wpgb-src=\"https:\/\/visibles.org\/wp-content\/uploads\/2024\/02\/cabecera-causa_mobile_internet-768x768.jpg\"><\/div><noscript><img loading=\"lazy\" decoding=\"async\" class=\"wpgb-noscript-img\" src=\"https:\/\/visibles.org\/wp-content\/uploads\/2024\/02\/cabecera-causa_mobile_internet-768x768.jpg\" alt=\"\" height=\"768\" width=\"768\"><\/noscript><\/a><\/div><div class=\"wpgb-card-media-overlay\"><\/div><a class=\"wpgb-card-layer-link\" href=\"https:\/\/visibles.org\/ca\/actua\/internet-es-un-dret\/\"><\/a><\/div><div class=\"wpgb-card-content wpgb-scheme-dark\"><div class=\"wpgb-card-body\"><h3 class=\"wpgb-block-3 wpgb-idle-scheme-1\"><a target=\"_self\" href=\"https:\/\/visibles.org\/ca\/actua\/internet-es-un-dret\/\">Internet \u00c9s Un Dret<\/a><\/h3><div class=\"wpgb-block-8 frmaster-cause-donated-bar-wrap\"><div class=\"recuento\">\t\t\t\t\t\t\n\t\t\t\t\t\t<p class=\"participantes\">Signatures aconseguides: 147<\/p>\t\t\t\t\t\t\n\t\t\t\t\t\t<p class=\"objetivo\">Objectiu: 500<\/p>\n\t\t\t\t\t<\/div><div class=\"barra\" id=\"1347-29.4\">\n\t\t\t\t\t\t\n\t\t\t\t\t\t<div class=\"barraBottom\">\n\t\t\t\t\t\t\t<div class=\"barraTop  barraTop1347\"><\/div>\n\t\t\t\t\t\t<\/div>\n\t\t\t\t\t<\/div>\n    <\/div><p class=\"wpgb-block-6\">Internet no pot ser un article de luxe. A la &#8220;nova normalitat&#8221;\u00a0l&#8217;acc\u00e9s a internet i l&#8217;alfabetitzaci\u00f3 digital s&#8217;han convertit en els pilars imprescindibles per a l&#8217;exercici dels drets\u00a0i les llibertats fonamentals: el dret a la...<\/p><div class=\"wpgb-block-2\"><a class=\"wpgb-block-7 gdlr-core-button botonlistado\" href=\"https:\/\/visibles.org\/ca\/actua\/internet-es-un-dret\/\">Signa!<\/a><\/div><\/div><\/div><\/div><\/div><\/article><article class=\"wpgb-card wpgb-card-21 wpgb-post-1349 wpgb-card-hidden\" data-col=\"1\" data-row=\"1\" data-format=\"standard\"><div class=\"wpgb-card-wrapper\"><div class=\"wpgb-card-inner\"><div class=\"wpgb-card-media wpgb-scheme-light\" data-action><svg data-ratio style=\"padding-top:100%\" viewBox=\"0 0 768 768\"><\/svg><div class=\"wpgb-card-media-thumbnail\"><a href=\"https:\/\/visibles.org\/wp-content\/uploads\/2024\/02\/11.jpg\" tabindex=\"-1\" class=\"wpgb-handle-lb wpgb-lightbox\" data-type=\"image\" data-rel=\"1\" data-title=\"11\" title=\"Enlarge photo\"><div class=\"wpgb-lazy-load wpgb-lazy-spinner\" data-wpgb-thumb=\"\" data-wpgb-src=\"https:\/\/visibles.org\/wp-content\/uploads\/2024\/02\/11-768x768.jpg\"><\/div><noscript><img loading=\"lazy\" decoding=\"async\" class=\"wpgb-noscript-img\" src=\"https:\/\/visibles.org\/wp-content\/uploads\/2024\/02\/11-768x768.jpg\" alt=\"\" height=\"768\" width=\"768\"><\/noscript><\/a><\/div><div class=\"wpgb-card-media-overlay\"><\/div><a class=\"wpgb-card-layer-link\" href=\"https:\/\/visibles.org\/ca\/actua\/no-mes-cie-pel-tancament-dels-centres-dinternament-i-contra-lobertura-de-nous\/\"><\/a><\/div><div class=\"wpgb-card-content wpgb-scheme-dark\"><div class=\"wpgb-card-body\"><h3 class=\"wpgb-block-3 wpgb-idle-scheme-1\"><a target=\"_self\" href=\"https:\/\/visibles.org\/ca\/actua\/no-mes-cie-pel-tancament-dels-centres-dinternament-i-contra-lobertura-de-nous\/\">NO M\u00c9S CIE. Pel tancament dels centres d&#8217;internament i contra l&#8217;obertura de nous.<\/a><\/h3><div class=\"wpgb-block-8 frmaster-cause-donated-bar-wrap\"><div class=\"recuento\">\t\t\t\t\t\t\n\t\t\t\t\t\t<p class=\"participantes\">Signatures aconseguides: 2235<\/p>\t\t\t\t\t\t\n\t\t\t\t\t\t<p class=\"objetivo\">Objectiu: 3000<\/p>\n\t\t\t\t\t<\/div><div class=\"barra\" id=\"1349-74.5\">\n\t\t\t\t\t\t\n\t\t\t\t\t\t<div class=\"barraBottom\">\n\t\t\t\t\t\t\t<div class=\"barraTop  barraTop1349\"><\/div>\n\t\t\t\t\t\t<\/div>\n\t\t\t\t\t<\/div>\n    <\/div><p class=\"wpgb-block-6\">NO M\u00c9S CIE. Perqu\u00e8 no es reobrin els centres d&#8217;internament i contra l&#8217;obertura de nous. Als CIE es reclou a persones estrangeres. La majoria no han com\u00e8s cap delicte, per\u00f2 poden estar-hi tancades fins a...<\/p><div class=\"wpgb-block-2\"><a class=\"wpgb-block-7 gdlr-core-button botonlistado\" href=\"https:\/\/visibles.org\/ca\/actua\/no-mes-cie-pel-tancament-dels-centres-dinternament-i-contra-lobertura-de-nous\/\">Signa!<\/a><\/div><\/div><\/div><\/div><\/div><\/article><article class=\"wpgb-card wpgb-card-21 wpgb-post-1348 wpgb-card-hidden\" data-col=\"1\" data-row=\"1\" data-format=\"standard\"><div class=\"wpgb-card-wrapper\"><div class=\"wpgb-card-inner\"><div class=\"wpgb-card-media wpgb-scheme-light\" data-action><svg data-ratio style=\"padding-top:100%\" viewBox=\"0 0 768 768\"><\/svg><div class=\"wpgb-card-media-thumbnail\"><a href=\"https:\/\/visibles.org\/wp-content\/uploads\/2024\/02\/12.jpg\" tabindex=\"-1\" class=\"wpgb-handle-lb wpgb-lightbox\" data-type=\"image\" data-rel=\"1\" data-title=\"12\" title=\"Enlarge photo\"><div class=\"wpgb-lazy-load wpgb-lazy-spinner\" data-wpgb-thumb=\"\" data-wpgb-src=\"https:\/\/visibles.org\/wp-content\/uploads\/2024\/02\/12-768x768.jpg\"><\/div><noscript><img loading=\"lazy\" decoding=\"async\" class=\"wpgb-noscript-img\" src=\"https:\/\/visibles.org\/wp-content\/uploads\/2024\/02\/12-768x768.jpg\" alt=\"\" height=\"768\" width=\"768\"><\/noscript><\/a><\/div><div class=\"wpgb-card-media-overlay\"><\/div><a class=\"wpgb-card-layer-link\" href=\"https:\/\/visibles.org\/ca\/actua\/per-unes-condicions-dignes-en-locupacio-de-la-llar\/\"><\/a><\/div><div class=\"wpgb-card-content wpgb-scheme-dark\"><div class=\"wpgb-card-body\"><h3 class=\"wpgb-block-3 wpgb-idle-scheme-1\"><a target=\"_self\" href=\"https:\/\/visibles.org\/ca\/actua\/per-unes-condicions-dignes-en-locupacio-de-la-llar\/\">Per unes condicions dignes en l&#8217;ocupaci\u00f3 de la llar<\/a><\/h3><div class=\"wpgb-block-8 frmaster-cause-donated-bar-wrap\"><div class=\"recuento\">\t\t\t\t\t\t\n\t\t\t\t\t\t<p class=\"participantes\">Signatures aconseguides: 2795<\/p>\t\t\t\t\t\t\n\t\t\t\t\t\t<p class=\"objetivo\">Objectiu: 3000<\/p>\n\t\t\t\t\t<\/div><div class=\"barra\" id=\"1348-93.166666666667\">\n\t\t\t\t\t\t\n\t\t\t\t\t\t<div class=\"barraBottom\">\n\t\t\t\t\t\t\t<div class=\"barraTop  barraTop1348\"><\/div>\n\t\t\t\t\t\t<\/div>\n\t\t\t\t\t<\/div>\n    <\/div><p class=\"wpgb-block-6\">Signa pels drets de les treballadores de la llar. Per un treball digne. El teu suport \u00e9s molt important, no pot faltar. Amb totes les signatures recollides convocarem a tots els grups pol\u00edtics i ens...<\/p><div class=\"wpgb-block-2\"><a class=\"wpgb-block-7 gdlr-core-button botonlistado\" href=\"https:\/\/visibles.org\/ca\/actua\/per-unes-condicions-dignes-en-locupacio-de-la-llar\/\">Signa!<\/a><\/div><\/div><\/div><\/div><\/div><\/article>\t\t<\/div>\n\t<\/div>\n\t<div class=\"wpgb-loader\">\n\t<div class=\"wpgb-loader-17\">\n\t\t<div><div><\/div><div><\/div><\/div>\t<\/div>\n<\/div>\n<\/div>\n\t<\/div>\n\t\t<\/div>\n<\/div>\n\n<div class=\"wpgb-facet wpgb-loading wpgb-facet-10\" data-facet=\"10\" data-grid=\"1\"><button type=\"button\" class=\"wpgb-button wpgb-load-more\">Mostra\u00b4n M\u00e9s<\/button><\/div>\n","protected":false},"excerpt":{"rendered":"","protected":false},"author":1,"featured_media":0,"parent":0,"menu_order":0,"comment_status":"closed","ping_status":"closed","template":"causa-list.php","meta":{"_acf_changed":false,"footnotes":""},"class_list":["post-1012","page","type-page","status-publish","hentry"],"acf":[],"yoast_head":"<!-- This site is optimized with the Yoast SEO plugin v27.4 - https:\/\/yoast.com\/product\/yoast-seo-wordpress\/ -->\n<title>Actua - Visibles<\/title>\n<meta name=\"robots\" content=\"noindex, follow\" \/>\n<meta property=\"og:locale\" content=\"ca_ES\" \/>\n<meta property=\"og:type\" content=\"article\" \/>\n<meta property=\"og:title\" content=\"Actua - Visibles\" \/>\n<meta property=\"og:url\" content=\"https:\/\/visibles.org\/ca\/actua\/\" \/>\n<meta property=\"og:site_name\" content=\"Visibles\" \/>\n<meta property=\"article:modified_time\" content=\"2024-03-14T10:33:35+00:00\" \/>\n<meta property=\"og:image\" content=\"https:\/\/visibles.org\/wp-content\/uploads\/2024\/01\/cabecera-1.jpg\" \/>\n\t<meta property=\"og:image:width\" content=\"1920\" \/>\n\t<meta property=\"og:image:height\" content=\"621\" \/>\n\t<meta property=\"og:image:type\" content=\"image\/jpeg\" \/>\n<meta name=\"twitter:card\" content=\"summary_large_image\" \/>\n<meta name=\"twitter:label1\" content=\"Temps estimat de lectura\" \/>\n\t<meta name=\"twitter:data1\" content=\"1 minut\" \/>\n<script type=\"application\/ld+json\" class=\"yoast-schema-graph\">{\"@context\":\"https:\\\/\\\/schema.org\",\"@graph\":[{\"@type\":\"WebPage\",\"@id\":\"https:\\\/\\\/visibles.org\\\/ca\\\/actua\\\/\",\"url\":\"https:\\\/\\\/visibles.org\\\/ca\\\/actua\\\/\",\"name\":\"Actua - Visibles\",\"isPartOf\":{\"@id\":\"https:\\\/\\\/visibles.org\\\/ca\\\/#website\"},\"datePublished\":\"2024-01-24T15:43:17+00:00\",\"dateModified\":\"2024-03-14T10:33:35+00:00\",\"breadcrumb\":{\"@id\":\"https:\\\/\\\/visibles.org\\\/ca\\\/actua\\\/#breadcrumb\"},\"inLanguage\":\"ca\",\"potentialAction\":[{\"@type\":\"ReadAction\",\"target\":[\"https:\\\/\\\/visibles.org\\\/ca\\\/actua\\\/\"]}]},{\"@type\":\"BreadcrumbList\",\"@id\":\"https:\\\/\\\/visibles.org\\\/ca\\\/actua\\\/#breadcrumb\",\"itemListElement\":[{\"@type\":\"ListItem\",\"position\":1,\"name\":\"Portada\",\"item\":\"https:\\\/\\\/visibles.org\\\/ca\\\/\"},{\"@type\":\"ListItem\",\"position\":2,\"name\":\"Actua\"}]},{\"@type\":\"WebSite\",\"@id\":\"https:\\\/\\\/visibles.org\\\/ca\\\/#website\",\"url\":\"https:\\\/\\\/visibles.org\\\/ca\\\/\",\"name\":\"Visibles\",\"description\":\"Just another WordPress site\",\"potentialAction\":[{\"@type\":\"SearchAction\",\"target\":{\"@type\":\"EntryPoint\",\"urlTemplate\":\"https:\\\/\\\/visibles.org\\\/ca\\\/?s={search_term_string}\"},\"query-input\":{\"@type\":\"PropertyValueSpecification\",\"valueRequired\":true,\"valueName\":\"search_term_string\"}}],\"inLanguage\":\"ca\"}]}<\/script>\n<!-- \/ Yoast SEO plugin. -->","yoast_head_json":{"title":"Actua - Visibles","robots":{"index":"noindex","follow":"follow"},"og_locale":"ca_ES","og_type":"article","og_title":"Actua - Visibles","og_url":"https:\/\/visibles.org\/ca\/actua\/","og_site_name":"Visibles","article_modified_time":"2024-03-14T10:33:35+00:00","og_image":[{"width":1920,"height":621,"url":"https:\/\/visibles.org\/wp-content\/uploads\/2024\/01\/cabecera-1.jpg","type":"image\/jpeg"}],"twitter_card":"summary_large_image","twitter_misc":{"Temps estimat de lectura":"1 minut"},"schema":{"@context":"https:\/\/schema.org","@graph":[{"@type":"WebPage","@id":"https:\/\/visibles.org\/ca\/actua\/","url":"https:\/\/visibles.org\/ca\/actua\/","name":"Actua - Visibles","isPartOf":{"@id":"https:\/\/visibles.org\/ca\/#website"},"datePublished":"2024-01-24T15:43:17+00:00","dateModified":"2024-03-14T10:33:35+00:00","breadcrumb":{"@id":"https:\/\/visibles.org\/ca\/actua\/#breadcrumb"},"inLanguage":"ca","potentialAction":[{"@type":"ReadAction","target":["https:\/\/visibles.org\/ca\/actua\/"]}]},{"@type":"BreadcrumbList","@id":"https:\/\/visibles.org\/ca\/actua\/#breadcrumb","itemListElement":[{"@type":"ListItem","position":1,"name":"Portada","item":"https:\/\/visibles.org\/ca\/"},{"@type":"ListItem","position":2,"name":"Actua"}]},{"@type":"WebSite","@id":"https:\/\/visibles.org\/ca\/#website","url":"https:\/\/visibles.org\/ca\/","name":"Visibles","description":"Just another WordPress site","potentialAction":[{"@type":"SearchAction","target":{"@type":"EntryPoint","urlTemplate":"https:\/\/visibles.org\/ca\/?s={search_term_string}"},"query-input":{"@type":"PropertyValueSpecification","valueRequired":true,"valueName":"search_term_string"}}],"inLanguage":"ca"}]}},"_links":{"self":[{"href":"https:\/\/visibles.org\/ca\/wp-json\/wp\/v2\/pages\/1012","targetHints":{"allow":["GET"]}}],"collection":[{"href":"https:\/\/visibles.org\/ca\/wp-json\/wp\/v2\/pages"}],"about":[{"href":"https:\/\/visibles.org\/ca\/wp-json\/wp\/v2\/types\/page"}],"author":[{"embeddable":true,"href":"https:\/\/visibles.org\/ca\/wp-json\/wp\/v2\/users\/1"}],"replies":[{"embeddable":true,"href":"https:\/\/visibles.org\/ca\/wp-json\/wp\/v2\/comments?post=1012"}],"version-history":[{"count":3,"href":"https:\/\/visibles.org\/ca\/wp-json\/wp\/v2\/pages\/1012\/revisions"}],"predecessor-version":[{"id":1268,"href":"https:\/\/visibles.org\/ca\/wp-json\/wp\/v2\/pages\/1012\/revisions\/1268"}],"wp:attachment":[{"href":"https:\/\/visibles.org\/ca\/wp-json\/wp\/v2\/media?parent=1012"}],"curies":[{"name":"wp","href":"https:\/\/api.w.org\/{rel}","templated":true}]}}